{"id":768,"date":"2025-06-17T14:07:35","date_gmt":"2025-06-17T14:07:35","guid":{"rendered":"https:\/\/scentget.com\/?post_type=product&#038;p=768"},"modified":"2025-07-02T00:35:36","modified_gmt":"2025-07-02T00:35:36","slug":"lattafa-khamrah-qahwa-vanilla-warmspicy-cinnamon-sweet-eau-de-parfum-long-lasting-fragrance-for-unisex-3-40-ounce-100-ml","status":"publish","type":"product","link":"https:\/\/scentget.com\/pt\/produto\/lattafa-khamrah-qahwa-vanilla-warmspicy-cinnamon-sweet-eau-de-parfum-long-lasting-fragrance-for-unisex-3-40-ounce-100-ml\/","title":{"rendered":"Lattafa Khamrah Qahwa - Baunilha, Quente, Apimentado, Canela, Doce - Eau de Parfum Fragr\u00e2ncia de Longa Dura\u00e7\u00e3o para Unissex, 3,40 on\u00e7as\/100 ml"},"content":{"rendered":"<div id=\"productOverview_feature_div\" class=\"celwidget\" data-feature-name=\"productOverview\" data-csa-c-type=\"widget\" data-csa-c-content-id=\"productOverview\" data-csa-c-slot-id=\"productOverview_feature_div\" data-csa-c-asin=\"B0CN9PWGGL\" data-csa-c-is-in-initial-active-row=\"false\" data-csa-c-id=\"8e5d8h-qji36g-gipkac-ykulv6\" data-cel-widget=\"productOverview_feature_div\">\n<div class=\"a-section a-spacing-small a-spacing-top-small\">\n<table class=\"a-normal a-spacing-micro\" role=\"list\">\n<tbody>\n<tr class=\"a-spacing-small po-brand\" role=\"listitem\">\n<td class=\"a-span3\" role=\"presentation\"><span class=\"a-size-base a-text-bold\">Marca<\/span><\/td>\n<td class=\"a-span9\" role=\"presentation\"><span class=\"a-size-base po-break-word\">Lattafa<\/span><\/td>\n<\/tr>\n<tr class=\"a-spacing-small po-item_form\" role=\"listitem\">\n<td class=\"a-span3\" role=\"presentation\"><span class=\"a-size-base a-text-bold\">Formul\u00e1rio do item<\/span><\/td>\n<td class=\"a-span9\" role=\"presentation\"><span class=\"a-size-base po-break-word\">L\u00edquido<\/span><\/td>\n<\/tr>\n<tr class=\"a-spacing-small po-item_volume\" role=\"listitem\">\n<td class=\"a-span3\" role=\"presentation\"><span class=\"a-size-base a-text-bold\">Volume do item<\/span><\/td>\n<td class=\"a-span9\" role=\"presentation\"><span class=\"a-size-base po-break-word\">29,57 mililitros<\/span><\/td>\n<\/tr>\n<tr class=\"a-spacing-small po-scent\" role=\"listitem\">\n<td class=\"a-span3\" role=\"presentation\"><span class=\"a-size-base a-text-bold\">Aroma<\/span><\/td>\n<td class=\"a-span9\" role=\"presentation\"><span class=\"a-size-base po-break-word\">Apimentado, Baunilha<\/span><\/td>\n<\/tr>\n<tr class=\"a-spacing-small po-special_feature\" role=\"listitem\">\n<td class=\"a-span3\" role=\"presentation\"><span class=\"a-size-base a-text-bold\">Recurso especial<\/span><\/td>\n<td class=\"a-span9\" role=\"presentation\"><span class=\"a-size-base po-break-word\">Tamanho da viagem<\/span><\/td>\n<\/tr>\n<\/tbody>\n<\/table>\n<\/div>\n<\/div>\n<div id=\"featurebullets_feature_div\" class=\"celwidget\" data-feature-name=\"featurebullets\" data-csa-c-type=\"widget\" data-csa-c-content-id=\"featurebullets\" data-csa-c-slot-id=\"featurebullets_feature_div\" data-csa-c-asin=\"B0CN9PWGGL\" data-csa-c-is-in-initial-active-row=\"false\" data-csa-c-id=\"7xeb7s-m71jfk-qms7bs-az1qb4\" data-cel-widget=\"featurebullets_feature_div\">\n<div id=\"feature-bullets\" class=\"a-section a-spacing-medium a-spacing-top-small\">\n<hr class=\"a-divider-normal\" aria-hidden=\"true\" \/>\n<h2 class=\"a-size-base-plus a-text-bold\">Sobre este item<\/h2>\n<ul class=\"a-unordered-list a-vertical a-spacing-mini\">\n<li class=\"a-spacing-mini\"><span class=\"a-list-item\">Khamrah Qahwa da Lattafa Perfumes \u00e9 uma fragr\u00e2ncia para mulheres e homens<\/span><\/li>\n<li class=\"a-spacing-mini\"><span class=\"a-list-item\">Esta \u00e9 uma nova fragr\u00e2ncia. Khamrah Qahwa foi lan\u00e7ada em 2023.<\/span><\/li>\n<li class=\"a-spacing-mini\"><span class=\"a-list-item\">Notas de topo: Gengibre, Canela, Cardamomo<\/span><\/li>\n<li class=\"a-spacing-mini\"><span class=\"a-list-item\">Notas de cora\u00e7\u00e3o: Pralin\u00e9, frutas cristalizadas, flores brancas<\/span><\/li>\n<li class=\"a-spacing-mini\"><span class=\"a-list-item\">Notas de base: Caf\u00e9 ar\u00e1bica, fava tonka, alm\u00edscar, benjoim, baunilha<\/span><\/li>\n<\/ul>\n<\/div>\n<\/div>","protected":false},"excerpt":{"rendered":"<p>Brand Lattafa Item Form Liquid Item Volume 29.57 Milliliters Scent Spicy, Vanilla Special Feature Travel size About this item Khamrah Qahwa by Lattafa Perfumes is a fragrance for women and men This is a new fragrance. Khamrah Qahwa was launched in 2023 Top Notes: Ginger, Cinnamon, Cardamom Middle Notes: Praline, Candied Fruits, White Flowers Base [&hellip;]<\/p>","protected":false},"featured_media":613,"template":"","meta":[],"product_brand":[79],"product_cat":[15],"product_tag":[],"class_list":{"0":"post-768","1":"product","2":"type-product","3":"status-publish","4":"has-post-thumbnail","6":"product_brand-lattafa","7":"product_cat-uncategorized","9":"first","10":"instock","11":"sale","12":"taxable","13":"shipping-taxable","14":"purchasable","15":"product-type-simple"},"_links":{"self":[{"href":"https:\/\/scentget.com\/pt\/wp-json\/wp\/v2\/product\/768","targetHints":{"allow":["GET"]}}],"collection":[{"href":"https:\/\/scentget.com\/pt\/wp-json\/wp\/v2\/product"}],"about":[{"href":"https:\/\/scentget.com\/pt\/wp-json\/wp\/v2\/types\/product"}],"wp:featuredmedia":[{"embeddable":true,"href":"https:\/\/scentget.com\/pt\/wp-json\/wp\/v2\/media\/613"}],"wp:attachment":[{"href":"https:\/\/scentget.com\/pt\/wp-json\/wp\/v2\/media?parent=768"}],"wp:term":[{"taxonomy":"product_brand","embeddable":true,"href":"https:\/\/scentget.com\/pt\/wp-json\/wp\/v2\/product_brand?post=768"},{"taxonomy":"product_cat","embeddable":true,"href":"https:\/\/scentget.com\/pt\/wp-json\/wp\/v2\/product_cat?post=768"},{"taxonomy":"product_tag","embeddable":true,"href":"https:\/\/scentget.com\/pt\/wp-json\/wp\/v2\/product_tag?post=768"}],"curies":[{"name":"wp","href":"https:\/\/api.w.org\/{rel}","templated":true}]}}