{"id":746,"date":"2025-06-17T13:20:59","date_gmt":"2025-06-17T13:20:59","guid":{"rendered":"https:\/\/scentget.com\/?post_type=product&#038;p=746"},"modified":"2025-07-02T00:42:27","modified_gmt":"2025-07-02T00:42:27","slug":"carolina-herrera-bad-boy-cobalt-elixir-eau-de-parfum-spray-3-4-0unce","status":"publish","type":"product","link":"https:\/\/scentget.com\/pt\/produto\/carolina-herrera-bad-boy-cobalt-elixir-eau-de-parfum-spray-3-4-0unce\/","title":{"rendered":"Bad Boy de Carolina Herrera - Fragr\u00e2ncia masculina sedutora e picante com notas orientais, 3,4 oz"},"content":{"rendered":"<div id=\"productOverview_feature_div\" class=\"celwidget\" data-feature-name=\"productOverview\" data-csa-c-type=\"widget\" data-csa-c-content-id=\"productOverview\" data-csa-c-slot-id=\"productOverview_feature_div\" data-csa-c-asin=\"B07MFQQHQV\" data-csa-c-is-in-initial-active-row=\"false\" data-csa-c-id=\"ro8ukq-d4ni7q-s5qd78-rftewe\" data-cel-widget=\"productOverview_feature_div\">\n<div class=\"a-section a-spacing-small a-spacing-top-small\">\n<div id=\"productOverview_feature_div\" class=\"celwidget\" data-feature-name=\"productOverview\" data-csa-c-type=\"widget\" data-csa-c-content-id=\"productOverview\" data-csa-c-slot-id=\"productOverview_feature_div\" data-csa-c-asin=\"B09MMJL883\" data-csa-c-is-in-initial-active-row=\"false\" data-cel-widget=\"productOverview_feature_div\" data-csa-c-id=\"ewbfk6-dmzeoa-bw4ify-qmilxp\">\n<div class=\"a-section a-spacing-small a-spacing-top-small\">\n<div id=\"productOverview_feature_div\" class=\"celwidget\" data-feature-name=\"productOverview\" data-csa-c-type=\"widget\" data-csa-c-content-id=\"productOverview\" data-csa-c-slot-id=\"productOverview_feature_div\" data-csa-c-asin=\"B07VQK6Q1H\" data-csa-c-is-in-initial-active-row=\"false\" data-csa-c-id=\"a3resp-jc4vod-m6u0f7-k4grz\" data-cel-widget=\"productOverview_feature_div\">\n<div class=\"a-section a-spacing-small a-spacing-top-small\">\n<table class=\"a-normal a-spacing-micro\" role=\"list\">\n<tbody>\n<tr class=\"a-spacing-small po-brand\" role=\"listitem\">\n<td class=\"a-span3\" role=\"presentation\"><span class=\"a-size-base a-text-bold\">Marca<\/span><\/td>\n<td class=\"a-span9\" role=\"presentation\"><span class=\"a-size-base po-break-word\">Carolina Herrera<\/span><\/td>\n<\/tr>\n<tr class=\"a-spacing-small po-item_form\" role=\"listitem\">\n<td class=\"a-span3\" role=\"presentation\"><span class=\"a-size-base a-text-bold\">Formul\u00e1rio do item<\/span><\/td>\n<td class=\"a-span9\" role=\"presentation\"><span class=\"a-size-base po-break-word\">Pulverizar<\/span><\/td>\n<\/tr>\n<tr class=\"a-spacing-small po-item_volume\" role=\"listitem\">\n<td class=\"a-span3\" role=\"presentation\"><span class=\"a-size-base a-text-bold\">Volume do item<\/span><\/td>\n<td class=\"a-span9\" role=\"presentation\"><span class=\"a-size-base po-break-word\">100 mililitros<\/span><\/td>\n<\/tr>\n<tr class=\"a-spacing-small po-scent\" role=\"listitem\">\n<td class=\"a-span3\" role=\"presentation\"><span class=\"a-size-base a-text-bold\">Aroma<\/span><\/td>\n<td class=\"a-span9\" role=\"presentation\"><span class=\"a-size-base po-break-word\">Floral<\/span><\/td>\n<\/tr>\n<tr class=\"a-spacing-small po-special_feature\" role=\"listitem\">\n<td class=\"a-span3\" role=\"presentation\"><span class=\"a-size-base a-text-bold\">Recurso especial<\/span><\/td>\n<td class=\"a-span9\" role=\"presentation\"><span class=\"a-size-base po-break-word\">Perfumado<\/span><\/td>\n<\/tr>\n<\/tbody>\n<\/table>\n<\/div>\n<\/div>\n<div id=\"featurebullets_feature_div\" class=\"celwidget\" data-feature-name=\"featurebullets\" data-csa-c-type=\"widget\" data-csa-c-content-id=\"featurebullets\" data-csa-c-slot-id=\"featurebullets_feature_div\" data-csa-c-asin=\"B07VQK6Q1H\" data-csa-c-is-in-initial-active-row=\"false\" data-csa-c-id=\"wivfjl-7pig2j-a4ne5m-g61alz\" data-cel-widget=\"featurebullets_feature_div\">\n<div id=\"feature-bullets\" class=\"a-section a-spacing-medium a-spacing-top-small\">\n<hr class=\"a-divider-normal\" aria-hidden=\"true\" \/>\n<h2 class=\"a-size-base-plus a-text-bold\">Sobre este item<\/h2>\n<ul class=\"a-unordered-list a-vertical a-spacing-mini\">\n<li class=\"a-spacing-mini\"><span class=\"a-list-item\">PARA O SEU LADO OUSADO E SEDUTOR. Formulada para intrigar e atrair, esta vibrante fragr\u00e2ncia \u00e2mbar especiada chama a aten\u00e7\u00e3o, pois emula uma sensa\u00e7\u00e3o de for\u00e7a e mist\u00e9rio marcantes.<\/span><\/li>\n<li class=\"a-spacing-mini\"><span class=\"a-list-item\">DESIGN DISTINTO. Representando eletricamente a personalidade de quem o usa, Bad Boy est\u00e1 acondicionado em um frasco em formato de parafuso com sofisticados detalhes dourados.<\/span><\/li>\n<li class=\"a-spacing-mini\"><span class=\"a-list-item\">ABRACE A DUALIDADE DO HOMEM. Embarque em uma intensa jornada sensorial. A Eau de Toilette Bad Boy intriga com notas picantes de pimenta preta e branca, que se fundem em nuances mais almiscaradas de bergamota, fava tonka e cacau.<\/span><\/li>\n<li class=\"a-spacing-mini\"><span class=\"a-list-item\">AROMA RADIANTE E DURADOURO. Excite e encante seus sentidos com uma fragr\u00e2ncia sedutora e masculina que perdura o dia todo.<\/span><\/li>\n<\/ul>\n<\/div>\n<\/div>\n<\/div>\n<\/div>\n<\/div>\n<\/div>","protected":false},"excerpt":{"rendered":"<p>Brand Carolina Herrera Item Form Spray Item Volume 100 Milliliters Scent Floral Special Feature Scented About this item FOR THE BOLD AND ENTICING SIDE OF YOU. Formulated to intrigue and attract, this vibrant amber spicy fragrance turns heads, as it emulates a sense of striking strength and mystery DISTINCTIVE DESIGN. Electrically representative of the wearer [&hellip;]<\/p>","protected":false},"featured_media":679,"template":"","meta":[],"product_brand":[61],"product_cat":[24],"product_tag":[],"class_list":{"0":"post-746","1":"product","2":"type-product","3":"status-publish","4":"has-post-thumbnail","6":"product_brand-carolina-herrera","7":"product_cat-carolina-herrera","9":"first","10":"instock","11":"sale","12":"taxable","13":"shipping-taxable","14":"purchasable","15":"product-type-simple"},"_links":{"self":[{"href":"https:\/\/scentget.com\/pt\/wp-json\/wp\/v2\/product\/746","targetHints":{"allow":["GET"]}}],"collection":[{"href":"https:\/\/scentget.com\/pt\/wp-json\/wp\/v2\/product"}],"about":[{"href":"https:\/\/scentget.com\/pt\/wp-json\/wp\/v2\/types\/product"}],"wp:featuredmedia":[{"embeddable":true,"href":"https:\/\/scentget.com\/pt\/wp-json\/wp\/v2\/media\/679"}],"wp:attachment":[{"href":"https:\/\/scentget.com\/pt\/wp-json\/wp\/v2\/media?parent=746"}],"wp:term":[{"taxonomy":"product_brand","embeddable":true,"href":"https:\/\/scentget.com\/pt\/wp-json\/wp\/v2\/product_brand?post=746"},{"taxonomy":"product_cat","embeddable":true,"href":"https:\/\/scentget.com\/pt\/wp-json\/wp\/v2\/product_cat?post=746"},{"taxonomy":"product_tag","embeddable":true,"href":"https:\/\/scentget.com\/pt\/wp-json\/wp\/v2\/product_tag?post=746"}],"curies":[{"name":"wp","href":"https:\/\/api.w.org\/{rel}","templated":true}]}}