{"id":982,"date":"2025-06-22T01:06:02","date_gmt":"2025-06-22T01:06:02","guid":{"rendered":"https:\/\/scentget.com\/?page_id=982"},"modified":"2025-06-27T03:22:03","modified_gmt":"2025-06-27T03:22:03","slug":"return-policy","status":"publish","type":"page","link":"https:\/\/scentget.com\/pt\/return-policy\/","title":{"rendered":"Pol\u00edtica de devolu\u00e7\u00e3o"},"content":{"rendered":"<div data-elementor-type=\"wp-page\" data-elementor-id=\"982\" class=\"elementor elementor-982\" data-elementor-post-type=\"page\">\n\t\t\t\t<div class=\"elementor-element elementor-element-6fbe17b e-flex e-con-boxed e-con e-parent\" data-id=\"6fbe17b\" data-element_type=\"container\">\n\t\t\t\t\t<div class=\"e-con-inner\">\n\t\t\t\t<div class=\"elementor-element elementor-element-252b17c elementor-widget elementor-widget-heading\" data-id=\"252b17c\" data-element_type=\"widget\" data-widget_type=\"heading.default\">\n\t\t\t\t<div class=\"elementor-widget-container\">\n\t\t\t\t\t<h2 class=\"elementor-heading-title elementor-size-default\">SYDNEY HAYES, LLC<\/h2>\t\t\t\t<\/div>\n\t\t\t\t<\/div>\n\t\t\t\t<div class=\"elementor-element elementor-element-721ee14 elementor-widget elementor-widget-text-editor\" data-id=\"721ee14\" data-element_type=\"widget\" data-widget_type=\"text-editor.default\">\n\t\t\t\t<div class=\"elementor-widget-container\">\n\t\t\t\t\t\t\t\t\t<p>6545 Cay Circle, Orlando, FL 32809\u00a0<\/p><p>Certificado Fiscal n\u00ba 62-8018030536-8<\/p><p>\u00a0 \u00a0 \u00a0 \u00a0\u2022 E-mail Corporativo: <strong><span style=\"text-decoration: underline;\">czhirong4@gmail.com<\/span><\/strong><\/p><p>(monitorado por SYDNEY HAYES, LLC)<br class=\"container-Vdm5p7 wrapper-_7axQ_ undefined\" \/>\u2022 WhatsApp Business:<strong> <span style=\"text-decoration: underline;\">+852-44066730<\/span><\/strong><\/p>\t\t\t\t\t\t\t\t<\/div>\n\t\t\t\t<\/div>\n\t\t\t\t\t<\/div>\n\t\t\t\t<\/div>\n\t\t<div class=\"elementor-element elementor-element-04011e8 e-flex e-con-boxed e-con e-parent\" data-id=\"04011e8\" data-element_type=\"container\">\n\t\t\t\t\t<div class=\"e-con-inner\">\n\t\t\t\t<div class=\"elementor-element elementor-element-cb375d0 elementor-widget elementor-widget-n-accordion\" data-id=\"cb375d0\" data-element_type=\"widget\" data-settings=\"{&quot;default_state&quot;:&quot;expanded&quot;,&quot;max_items_expended&quot;:&quot;one&quot;,&quot;n_accordion_animation_duration&quot;:{&quot;unit&quot;:&quot;ms&quot;,&quot;size&quot;:400,&quot;sizes&quot;:[]}}\" data-widget_type=\"nested-accordion.default\">\n\t\t\t\t<div class=\"elementor-widget-container\">\n\t\t\t\t\t\t\t<div class=\"e-n-accordion\" aria-label=\"Acorde\u00e3o. Abra links com Enter ou Espa\u00e7o, feche com Escape e navegue com as Setas do Teclado.\">\n\t\t\t\t\t\t<details id=\"e-n-accordion-item-2130\" class=\"e-n-accordion-item\" open>\n\t\t\t\t<summary class=\"e-n-accordion-item-title\" data-accordion-index=\"1\" tabindex=\"0\" aria-expanded=\"true\" aria-controls=\"e-n-accordion-item-2130\" >\n\t\t\t\t\t<span class='e-n-accordion-item-title-header'><div class=\"e-n-accordion-item-title-text\"> 1. Cronograma de envio <\/div><\/span>\n\t\t\t\t\t\t\t<span class='e-n-accordion-item-title-icon'>\n\t\t\t<span class='e-opened' ><svg aria-hidden=\"true\" class=\"e-font-icon-svg e-fas-minus\" viewbox=\"0 0 448 512\" xmlns=\"http:\/\/www.w3.org\/2000\/svg\"><path d=\"M416 208H32c-17.67 0-32 14.33-32 32v32c0 17.67 14.33 32 32 32h384c17.67 0 32-14.33 32-32v-32c0-17.67-14.33-32-32-32z\"><\/path><\/svg><\/span>\n\t\t\t<span class='e-closed'><svg aria-hidden=\"true\" class=\"e-font-icon-svg e-fas-plus\" viewbox=\"0 0 448 512\" xmlns=\"http:\/\/www.w3.org\/2000\/svg\"><path d=\"M416 208H272V64c0-17.67-14.33-32-32-32h-32c-17.67 0-32 14.33-32 32v144H32c-17.67 0-32 14.33-32 32v32c0 17.67 14.33 32 32 32h144v144c0 17.67 14.33 32 32 32h32c17.67 0 32-14.33 32-32V304h144c17.67 0 32-14.33 32-32v-32c0-17.67-14.33-32-32-32z\"><\/path><\/svg><\/span>\n\t\t<\/span>\n\n\t\t\t\t\t\t<\/summary>\n\t\t\t\t<div role=\"region\" aria-labelledby=\"e-n-accordion-item-2130\" class=\"elementor-element elementor-element-e94e12a e-con-full e-flex e-con e-child\" data-id=\"e94e12a\" data-element_type=\"container\">\n\t\t<div role=\"region\" aria-labelledby=\"e-n-accordion-item-2130\" class=\"elementor-element elementor-element-31e5d37 e-flex e-con-boxed e-con e-child\" data-id=\"31e5d37\" data-element_type=\"container\">\n\t\t\t\t\t<div class=\"e-con-inner\">\n\t\t\t\t<div class=\"elementor-element elementor-element-92f70cb elementor-widget elementor-widget-text-editor\" data-id=\"92f70cb\" data-element_type=\"widget\" data-widget_type=\"text-editor.default\">\n\t\t\t\t<div class=\"elementor-widget-container\">\n\t\t\t\t\t\t\t\t\t<div class=\"auto-hide-last-sibling-br paragraph-Oc488D paragraph-element br-paragraph-space\">N\u00f3s,\u00a0<strong>SYDNEY HAYES, LLC<\/strong>\u00a0(registrada em 6545 Cay Circle, Orlando, FL 32809, EUA; Certificado Fiscal n\u00ba 62-8018030536-8), mant\u00e9m uma rede global de armazenagem abrangendo regi\u00f5es importantes, incluindo:<\/div><ul class=\"auto-hide-last-sibling-br\"><li><strong>Am\u00e9rica do Norte<\/strong>: Estados Unidos, Canad\u00e1<\/li><li><strong>Europa<\/strong>: Alemanha, Fran\u00e7a, Reino Unido, Espanha, It\u00e1lia<\/li><li><strong>\u00c1sia-Pac\u00edfico<\/strong>: Jap\u00e3o, Coreia do Sul, Cingapura, Mal\u00e1sia, Tail\u00e2ndia<\/li><li><strong>M\u00e9dio Oriente<\/strong>: Emirados \u00c1rabes Unidos, Ar\u00e1bia Saudita<\/li><li><strong>Oce\u00e2nia<\/strong>: Austr\u00e1lia<\/li><\/ul><div class=\"auto-hide-last-sibling-br paragraph-Oc488D paragraph-element br-paragraph-space\">Devido \u00e0 variabilidade log\u00edstica regional, n\u00e3o podemos garantir prazos exatos de entrega. No entanto,\u00a0<strong>garantia de envio em at\u00e9 24 horas ap\u00f3s a confirma\u00e7\u00e3o do pedido<\/strong>\u00a0e fornecer\u00e1 um n\u00famero de rastreamento local por e-mail no seu pedido para atualiza\u00e7\u00f5es em tempo real.<\/div>\t\t\t\t\t\t\t\t<\/div>\n\t\t\t\t<\/div>\n\t\t\t\t\t<\/div>\n\t\t\t\t<\/div>\n\t\t\t\t<\/div>\n\t\t\t\t\t<\/details>\n\t\t\t\t\t<\/div>\n\t\t\t\t\t\t<\/div>\n\t\t\t\t<\/div>\n\t\t\t\t\t<\/div>\n\t\t\t\t<\/div>\n\t\t<div class=\"elementor-element elementor-element-361982c e-con-full e-flex e-con e-parent\" data-id=\"361982c\" data-element_type=\"container\">\n\t\t\t\t<div class=\"elementor-element elementor-element-d6ab13e elementor-widget elementor-widget-heading\" data-id=\"d6ab13e\" data-element_type=\"widget\" data-widget_type=\"heading.default\">\n\t\t\t\t<div class=\"elementor-widget-container\">\n\t\t\t\t\t<h2 class=\"elementor-heading-title elementor-size-default\">Pol\u00edtica de devolu\u00e7\u00e3o<\/h2>\t\t\t\t<\/div>\n\t\t\t\t<\/div>\n\t\t\t\t<\/div>\n\t\t<div class=\"elementor-element elementor-element-a6c99f2 e-flex e-con-boxed e-con e-parent\" data-id=\"a6c99f2\" data-element_type=\"container\">\n\t\t\t\t\t<div class=\"e-con-inner\">\n\t\t\t\t<div class=\"elementor-element elementor-element-c470ee5 elementor-widget elementor-widget-n-accordion\" data-id=\"c470ee5\" data-element_type=\"widget\" data-settings=\"{&quot;default_state&quot;:&quot;expanded&quot;,&quot;max_items_expended&quot;:&quot;one&quot;,&quot;n_accordion_animation_duration&quot;:{&quot;unit&quot;:&quot;ms&quot;,&quot;size&quot;:400,&quot;sizes&quot;:[]}}\" data-widget_type=\"nested-accordion.default\">\n\t\t\t\t<div class=\"elementor-widget-container\">\n\t\t\t\t\t\t\t<div class=\"e-n-accordion\" aria-label=\"Acorde\u00e3o. Abra links com Enter ou Espa\u00e7o, feche com Escape e navegue com as Setas do Teclado.\">\n\t\t\t\t\t\t<details id=\"e-n-accordion-item-2050\" class=\"e-n-accordion-item\" open>\n\t\t\t\t<summary class=\"e-n-accordion-item-title\" data-accordion-index=\"1\" tabindex=\"0\" aria-expanded=\"true\" aria-controls=\"e-n-accordion-item-2050\" >\n\t\t\t\t\t<span class='e-n-accordion-item-title-header'><div class=\"e-n-accordion-item-title-text\"> 1. Garantia de Autenticidade e Conformidade <\/div><\/span>\n\t\t\t\t\t\t\t<span class='e-n-accordion-item-title-icon'>\n\t\t\t<span class='e-opened' ><svg aria-hidden=\"true\" class=\"e-font-icon-svg e-fas-minus\" viewbox=\"0 0 448 512\" xmlns=\"http:\/\/www.w3.org\/2000\/svg\"><path d=\"M416 208H32c-17.67 0-32 14.33-32 32v32c0 17.67 14.33 32 32 32h384c17.67 0 32-14.33 32-32v-32c0-17.67-14.33-32-32-32z\"><\/path><\/svg><\/span>\n\t\t\t<span class='e-closed'><svg aria-hidden=\"true\" class=\"e-font-icon-svg e-fas-plus\" viewbox=\"0 0 448 512\" xmlns=\"http:\/\/www.w3.org\/2000\/svg\"><path d=\"M416 208H272V64c0-17.67-14.33-32-32-32h-32c-17.67 0-32 14.33-32 32v144H32c-17.67 0-32 14.33-32 32v32c0 17.67 14.33 32 32 32h144v144c0 17.67 14.33 32 32 32h32c17.67 0 32-14.33 32-32V304h144c17.67 0 32-14.33 32-32v-32c0-17.67-14.33-32-32-32z\"><\/path><\/svg><\/span>\n\t\t<\/span>\n\n\t\t\t\t\t\t<\/summary>\n\t\t\t\t<div role=\"region\" aria-labelledby=\"e-n-accordion-item-2050\" class=\"elementor-element elementor-element-1081853 e-con-full e-flex e-con e-child\" data-id=\"1081853\" data-element_type=\"container\">\n\t\t\t\t<div class=\"elementor-element elementor-element-0655582 elementor-widget elementor-widget-text-editor\" data-id=\"0655582\" data-element_type=\"widget\" data-widget_type=\"text-editor.default\">\n\t\t\t\t<div class=\"elementor-widget-container\">\n\t\t\t\t\t\t\t\t\t<p>Como uma entidade registrada na Fl\u00f3rida (SYDNEY HAYES, LLC), todos os produtos s\u00e3o\u00a0<strong>oficialmente autorizado pelas marcas<\/strong>\u00a0e totalmente compat\u00edvel com as regulamenta\u00e7\u00f5es comerciais dos EUA. Clique <a href=\"https:\/\/scentget.com\/pt\/authorization-certificates\/\"><span style=\"text-decoration: underline;\"><em>[Ver Certificados de Autoriza\u00e7\u00e3o]<\/em><\/span><\/a> para verificar nossa marca e documenta\u00e7\u00e3o de conformidade fiscal.<\/p>\t\t\t\t\t\t\t\t<\/div>\n\t\t\t\t<\/div>\n\t\t\t\t<\/div>\n\t\t\t\t\t<\/details>\n\t\t\t\t\t\t<details id=\"e-n-accordion-item-2051\" class=\"e-n-accordion-item\" >\n\t\t\t\t<summary class=\"e-n-accordion-item-title\" data-accordion-index=\"2\" tabindex=\"-1\" aria-expanded=\"false\" aria-controls=\"e-n-accordion-item-2051\" >\n\t\t\t\t\t<span class='e-n-accordion-item-title-header'><div class=\"e-n-accordion-item-title-text\"> 2. Cen\u00e1rios de retorno eleg\u00edveis <\/div><\/span>\n\t\t\t\t\t\t\t<span class='e-n-accordion-item-title-icon'>\n\t\t\t<span class='e-opened' ><svg aria-hidden=\"true\" class=\"e-font-icon-svg e-fas-minus\" viewbox=\"0 0 448 512\" xmlns=\"http:\/\/www.w3.org\/2000\/svg\"><path d=\"M416 208H32c-17.67 0-32 14.33-32 32v32c0 17.67 14.33 32 32 32h384c17.67 0 32-14.33 32-32v-32c0-17.67-14.33-32-32-32z\"><\/path><\/svg><\/span>\n\t\t\t<span class='e-closed'><svg aria-hidden=\"true\" class=\"e-font-icon-svg e-fas-plus\" viewbox=\"0 0 448 512\" xmlns=\"http:\/\/www.w3.org\/2000\/svg\"><path d=\"M416 208H272V64c0-17.67-14.33-32-32-32h-32c-17.67 0-32 14.33-32 32v144H32c-17.67 0-32 14.33-32 32v32c0 17.67 14.33 32 32 32h144v144c0 17.67 14.33 32 32 32h32c17.67 0 32-14.33 32-32V304h144c17.67 0 32-14.33 32-32v-32c0-17.67-14.33-32-32-32z\"><\/path><\/svg><\/span>\n\t\t<\/span>\n\n\t\t\t\t\t\t<\/summary>\n\t\t\t\t<div role=\"region\" aria-labelledby=\"e-n-accordion-item-2051\" class=\"elementor-element elementor-element-bc73ded e-con-full e-flex e-con e-child\" data-id=\"bc73ded\" data-element_type=\"container\">\n\t\t\t\t<div class=\"elementor-element elementor-element-aa335c6 elementor-widget elementor-widget-text-editor\" data-id=\"aa335c6\" data-element_type=\"widget\" data-widget_type=\"text-editor.default\">\n\t\t\t\t<div class=\"elementor-widget-container\">\n\t\t\t\t\t\t\t\t\t<p>Um prazo de devolu\u00e7\u00e3o sem perguntas de 7 dias se aplica a:<br class=\"container-Vdm5p7 wrapper-_7axQ_ undefined\" \/>\u2022 Danos ocorridos durante o transporte<br class=\"container-Vdm5p7 wrapper-_7axQ_ undefined\" \/>\u2022 Remessas incorretas causadas por opera\u00e7\u00f5es de dep\u00f3sito<\/p><p>\u2022 A embalagem fechada n\u00e3o afeta as vendas secund\u00e1rias<\/p>\t\t\t\t\t\t\t\t<\/div>\n\t\t\t\t<\/div>\n\t\t\t\t<\/div>\n\t\t\t\t\t<\/details>\n\t\t\t\t\t\t<details id=\"e-n-accordion-item-2052\" class=\"e-n-accordion-item\" >\n\t\t\t\t<summary class=\"e-n-accordion-item-title\" data-accordion-index=\"3\" tabindex=\"-1\" aria-expanded=\"false\" aria-controls=\"e-n-accordion-item-2052\" >\n\t\t\t\t\t<span class='e-n-accordion-item-title-header'><div class=\"e-n-accordion-item-title-text\"> 3. Processo de devolu\u00e7\u00e3o <\/div><\/span>\n\t\t\t\t\t\t\t<span class='e-n-accordion-item-title-icon'>\n\t\t\t<span class='e-opened' ><svg aria-hidden=\"true\" class=\"e-font-icon-svg e-fas-minus\" viewbox=\"0 0 448 512\" xmlns=\"http:\/\/www.w3.org\/2000\/svg\"><path d=\"M416 208H32c-17.67 0-32 14.33-32 32v32c0 17.67 14.33 32 32 32h384c17.67 0 32-14.33 32-32v-32c0-17.67-14.33-32-32-32z\"><\/path><\/svg><\/span>\n\t\t\t<span class='e-closed'><svg aria-hidden=\"true\" class=\"e-font-icon-svg e-fas-plus\" viewbox=\"0 0 448 512\" xmlns=\"http:\/\/www.w3.org\/2000\/svg\"><path d=\"M416 208H272V64c0-17.67-14.33-32-32-32h-32c-17.67 0-32 14.33-32 32v144H32c-17.67 0-32 14.33-32 32v32c0 17.67 14.33 32 32 32h144v144c0 17.67 14.33 32 32 32h32c17.67 0 32-14.33 32-32V304h144c17.67 0 32-14.33 32-32v-32c0-17.67-14.33-32-32-32z\"><\/path><\/svg><\/span>\n\t\t<\/span>\n\n\t\t\t\t\t\t<\/summary>\n\t\t\t\t<div role=\"region\" aria-labelledby=\"e-n-accordion-item-2052\" class=\"elementor-element elementor-element-507dabf e-con-full e-flex e-con e-child\" data-id=\"507dabf\" data-element_type=\"container\">\n\t\t\t\t<div class=\"elementor-element elementor-element-9bfdfcf elementor-widget elementor-widget-text-editor\" data-id=\"9bfdfcf\" data-element_type=\"widget\" data-widget_type=\"text-editor.default\">\n\t\t\t\t<div class=\"elementor-widget-container\">\n\t\t\t\t\t\t\t\t\t<div class=\"auto-hide-last-sibling-br paragraph-Oc488D paragraph-element br-paragraph-space\">\u00a0Para obter suporte cont\u00ednuo, entre em contato conosco primeiro por meio de:<br class=\"container-Vdm5p7 wrapper-_7axQ_ undefined\" \/>\u2022 E-mail Corporativo: <strong><span style=\"text-decoration: underline;\">czhirong4@gmail.com<\/span><\/strong> (monitorado por SYDNEY HAYES, LLC)<br class=\"container-Vdm5p7 wrapper-_7axQ_ undefined\" \/>\u2022 WhatsApp Business:<strong> <span style=\"text-decoration: underline;\">+852-44066730<\/span><\/strong><br class=\"container-Vdm5p7 wrapper-_7axQ_ undefined\" \/>\u2022 Ou utilize o portal [Fale Conosco] (vinculado aos nossos canais de comunica\u00e7\u00e3o oficiais).<\/div><div class=\"auto-hide-last-sibling-br paragraph-Oc488D paragraph-element br-paragraph-space\">Nossa equipe designar\u00e1 o ponto de devolu\u00e7\u00e3o mais pr\u00f3ximo com base em seu endere\u00e7o e\u00a0<strong>cobrir todos os custos de envio de devolu\u00e7\u00e3o<\/strong>\u00a0(em conformidade com os regulamentos comerciais da Fl\u00f3rida).<\/div>\t\t\t\t\t\t\t\t<\/div>\n\t\t\t\t<\/div>\n\t\t\t\t<\/div>\n\t\t\t\t\t<\/details>\n\t\t\t\t\t\t<details id=\"e-n-accordion-item-2053\" class=\"e-n-accordion-item\" >\n\t\t\t\t<summary class=\"e-n-accordion-item-title\" data-accordion-index=\"4\" tabindex=\"-1\" aria-expanded=\"false\" aria-controls=\"e-n-accordion-item-2053\" >\n\t\t\t\t\t<span class='e-n-accordion-item-title-header'><div class=\"e-n-accordion-item-title-text\"> 4. Janela de retorno <\/div><\/span>\n\t\t\t\t\t\t\t<span class='e-n-accordion-item-title-icon'>\n\t\t\t<span class='e-opened' ><svg aria-hidden=\"true\" class=\"e-font-icon-svg e-fas-minus\" viewbox=\"0 0 448 512\" xmlns=\"http:\/\/www.w3.org\/2000\/svg\"><path d=\"M416 208H32c-17.67 0-32 14.33-32 32v32c0 17.67 14.33 32 32 32h384c17.67 0 32-14.33 32-32v-32c0-17.67-14.33-32-32-32z\"><\/path><\/svg><\/span>\n\t\t\t<span class='e-closed'><svg aria-hidden=\"true\" class=\"e-font-icon-svg e-fas-plus\" viewbox=\"0 0 448 512\" xmlns=\"http:\/\/www.w3.org\/2000\/svg\"><path d=\"M416 208H272V64c0-17.67-14.33-32-32-32h-32c-17.67 0-32 14.33-32 32v144H32c-17.67 0-32 14.33-32 32v32c0 17.67 14.33 32 32 32h144v144c0 17.67 14.33 32 32 32h32c17.67 0 32-14.33 32-32V304h144c17.67 0 32-14.33 32-32v-32c0-17.67-14.33-32-32-32z\"><\/path><\/svg><\/span>\n\t\t<\/span>\n\n\t\t\t\t\t\t<\/summary>\n\t\t\t\t<div role=\"region\" aria-labelledby=\"e-n-accordion-item-2053\" class=\"elementor-element elementor-element-96cbf4a e-flex e-con-boxed e-con e-child\" data-id=\"96cbf4a\" data-element_type=\"container\">\n\t\t\t\t\t<div class=\"e-con-inner\">\n\t\t\t\t<div class=\"elementor-element elementor-element-b468216 elementor-widget elementor-widget-text-editor\" data-id=\"b468216\" data-element_type=\"widget\" data-widget_type=\"text-editor.default\">\n\t\t\t\t<div class=\"elementor-widget-container\">\n\t\t\t\t\t\t\t\t\t<p>\u00a0Inicie as devolu\u00e7\u00f5es dentro de 7 dias ap\u00f3s a entrega para se qualificar.<\/p>\t\t\t\t\t\t\t\t<\/div>\n\t\t\t\t<\/div>\n\t\t\t\t\t<\/div>\n\t\t\t\t<\/div>\n\t\t\t\t\t<\/details>\n\t\t\t\t\t<\/div>\n\t\t\t\t\t\t<\/div>\n\t\t\t\t<\/div>\n\t\t\t\t\t<\/div>\n\t\t\t\t<\/div>\n\t\t<div class=\"elementor-element elementor-element-6975329 e-flex e-con-boxed e-con e-parent\" data-id=\"6975329\" data-element_type=\"container\">\n\t\t\t\t\t<div class=\"e-con-inner\">\n\t\t\t\t<div class=\"elementor-element elementor-element-365ac38 elementor-mobile-align-justify elementor-align-center elementor-widget elementor-widget-button\" data-id=\"365ac38\" data-element_type=\"widget\" data-widget_type=\"button.default\">\n\t\t\t\t<div class=\"elementor-widget-container\">\n\t\t\t\t\t\t\t\t\t<div class=\"elementor-button-wrapper\">\n\t\t\t\t\t<a class=\"elementor-button elementor-button-link elementor-size-sm\" href=\"#elementor-action%3Aaction%3Dpopup%3Aopen%26settings%3DeyJpZCI6IjExOTMiLCJ0b2dnbGUiOmZhbHNlfQ%3D%3D\">\n\t\t\t\t\t\t<span class=\"elementor-button-content-wrapper\">\n\t\t\t\t\t\t\t\t\t<span class=\"elementor-button-text\">Precisa de ajuda? Entre em contato conosco<\/span>\n\t\t\t\t\t<\/span>\n\t\t\t\t\t<\/a>\n\t\t\t\t<\/div>\n\t\t\t\t\t\t\t\t<\/div>\n\t\t\t\t<\/div>\n\t\t\t\t\t<\/div>\n\t\t\t\t<\/div>\n\t\t\t\t<\/div>","protected":false},"excerpt":{"rendered":"<p>SYDNEY HAYES, LLC 6545 Cay Circle, Orlando, FL 32809\u00a0 Tax Certificate No. 62-8018030536-8 \u00a0 \u00a0 \u00a0 \u00a0\u2022 Corporate Email: czhirong4@gmail.com (monitored by SYDNEY HAYES, LLC)\u2022 WhatsApp Business: +852-44066730 1. Shipping Timeline We,\u00a0SYDNEY HAYES, LLC\u00a0(registered at 6545 Cay Circle, Orlando, FL 32809, USA; Tax Certificate No. 62-8018030536-8), maintain a global warehousing network spanning key regions including: [&hellip;]<\/p>","protected":false},"author":1,"featured_media":0,"parent":0,"menu_order":0,"comment_status":"closed","ping_status":"closed","template":"","meta":{"footnotes":""},"class_list":["post-982","page","type-page","status-publish","hentry"],"_links":{"self":[{"href":"https:\/\/scentget.com\/pt\/wp-json\/wp\/v2\/pages\/982","targetHints":{"allow":["GET"]}}],"collection":[{"href":"https:\/\/scentget.com\/pt\/wp-json\/wp\/v2\/pages"}],"about":[{"href":"https:\/\/scentget.com\/pt\/wp-json\/wp\/v2\/types\/page"}],"author":[{"embeddable":true,"href":"https:\/\/scentget.com\/pt\/wp-json\/wp\/v2\/users\/1"}],"replies":[{"embeddable":true,"href":"https:\/\/scentget.com\/pt\/wp-json\/wp\/v2\/comments?post=982"}],"version-history":[{"count":8,"href":"https:\/\/scentget.com\/pt\/wp-json\/wp\/v2\/pages\/982\/revisions"}],"predecessor-version":[{"id":1286,"href":"https:\/\/scentget.com\/pt\/wp-json\/wp\/v2\/pages\/982\/revisions\/1286"}],"wp:attachment":[{"href":"https:\/\/scentget.com\/pt\/wp-json\/wp\/v2\/media?parent=982"}],"curies":[{"name":"wp","href":"https:\/\/api.w.org\/{rel}","templated":true}]}}