{"id":746,"date":"2025-06-17T13:20:59","date_gmt":"2025-06-17T13:20:59","guid":{"rendered":"https:\/\/scentget.com\/?post_type=product&#038;p=746"},"modified":"2025-07-02T00:42:27","modified_gmt":"2025-07-02T00:42:27","slug":"carolina-herrera-bad-boy-cobalt-elixir-eau-de-parfum-spray-3-4-0unce","status":"publish","type":"product","link":"https:\/\/scentget.com\/fr\/produit\/carolina-herrera-bad-boy-cobalt-elixir-eau-de-parfum-spray-3-4-0unce\/","title":{"rendered":"Bad Boy de Carolina Herrera - Parfum masculin s\u00e9duisant et \u00e9pic\u00e9 aux accords orientaux, 90 ml"},"content":{"rendered":"<div id=\"productOverview_feature_div\" class=\"celwidget\" data-feature-name=\"productOverview\" data-csa-c-type=\"widget\" data-csa-c-content-id=\"productOverview\" data-csa-c-slot-id=\"productOverview_feature_div\" data-csa-c-asin=\"B07MFQQHQV\" data-csa-c-is-in-initial-active-row=\"false\" data-csa-c-id=\"ro8ukq-d4ni7q-s5qd78-rftewe\" data-cel-widget=\"productOverview_feature_div\">\n<div class=\"a-section a-spacing-small a-spacing-top-small\">\n<div id=\"productOverview_feature_div\" class=\"celwidget\" data-feature-name=\"productOverview\" data-csa-c-type=\"widget\" data-csa-c-content-id=\"productOverview\" data-csa-c-slot-id=\"productOverview_feature_div\" data-csa-c-asin=\"B09MMJL883\" data-csa-c-is-in-initial-active-row=\"false\" data-cel-widget=\"productOverview_feature_div\" data-csa-c-id=\"ewbfk6-dmzeoa-bw4ify-qmilxp\">\n<div class=\"a-section a-spacing-small a-spacing-top-small\">\n<div id=\"productOverview_feature_div\" class=\"celwidget\" data-feature-name=\"productOverview\" data-csa-c-type=\"widget\" data-csa-c-content-id=\"productOverview\" data-csa-c-slot-id=\"productOverview_feature_div\" data-csa-c-asin=\"B07VQK6Q1H\" data-csa-c-is-in-initial-active-row=\"false\" data-csa-c-id=\"a3resp-jc4vod-m6u0f7-k4grz\" data-cel-widget=\"productOverview_feature_div\">\n<div class=\"a-section a-spacing-small a-spacing-top-small\">\n<table class=\"a-normal a-spacing-micro\" role=\"list\">\n<tbody>\n<tr class=\"a-spacing-small po-brand\" role=\"listitem\">\n<td class=\"a-span3\" role=\"presentation\"><span class=\"a-size-base a-text-bold\">Marque<\/span><\/td>\n<td class=\"a-span9\" role=\"presentation\"><span class=\"a-size-base po-break-word\">Carolina Herrera<\/span><\/td>\n<\/tr>\n<tr class=\"a-spacing-small po-item_form\" role=\"listitem\">\n<td class=\"a-span3\" role=\"presentation\"><span class=\"a-size-base a-text-bold\">Formulaire d&#039;article<\/span><\/td>\n<td class=\"a-span9\" role=\"presentation\"><span class=\"a-size-base po-break-word\">Pulv\u00e9risation<\/span><\/td>\n<\/tr>\n<tr class=\"a-spacing-small po-item_volume\" role=\"listitem\">\n<td class=\"a-span3\" role=\"presentation\"><span class=\"a-size-base a-text-bold\">Volume de l&#039;article<\/span><\/td>\n<td class=\"a-span9\" role=\"presentation\"><span class=\"a-size-base po-break-word\">100 millilitres<\/span><\/td>\n<\/tr>\n<tr class=\"a-spacing-small po-scent\" role=\"listitem\">\n<td class=\"a-span3\" role=\"presentation\"><span class=\"a-size-base a-text-bold\">Parfum<\/span><\/td>\n<td class=\"a-span9\" role=\"presentation\"><span class=\"a-size-base po-break-word\">Floral<\/span><\/td>\n<\/tr>\n<tr class=\"a-spacing-small po-special_feature\" role=\"listitem\">\n<td class=\"a-span3\" role=\"presentation\"><span class=\"a-size-base a-text-bold\">Dossier sp\u00e9cial<\/span><\/td>\n<td class=\"a-span9\" role=\"presentation\"><span class=\"a-size-base po-break-word\">Parfum\u00e9<\/span><\/td>\n<\/tr>\n<\/tbody>\n<\/table>\n<\/div>\n<\/div>\n<div id=\"featurebullets_feature_div\" class=\"celwidget\" data-feature-name=\"featurebullets\" data-csa-c-type=\"widget\" data-csa-c-content-id=\"featurebullets\" data-csa-c-slot-id=\"featurebullets_feature_div\" data-csa-c-asin=\"B07VQK6Q1H\" data-csa-c-is-in-initial-active-row=\"false\" data-csa-c-id=\"wivfjl-7pig2j-a4ne5m-g61alz\" data-cel-widget=\"featurebullets_feature_div\">\n<div id=\"feature-bullets\" class=\"a-section a-spacing-medium a-spacing-top-small\">\n<hr class=\"a-divider-normal\" aria-hidden=\"true\" \/>\n<h2 class=\"a-size-base-plus a-text-bold\">\u00c0 propos de cet article<\/h2>\n<ul class=\"a-unordered-list a-vertical a-spacing-mini\">\n<li class=\"a-spacing-mini\"><span class=\"a-list-item\">POUR VOTRE C\u00d4T\u00c9 AUDACIEUX ET S\u00c9DUISANT. Formul\u00e9 pour intriguer et attirer, ce parfum ambr\u00e9 \u00e9pic\u00e9 et vibrant fait tourner les t\u00eates, car il \u00e9voque une force saisissante et un myst\u00e8re saisissant.<\/span><\/li>\n<li class=\"a-spacing-mini\"><span class=\"a-list-item\">DESIGN DISTINCTIF. Repr\u00e9sentatif de celui qui le porte, Bad Boy est pr\u00e9sent\u00e9 dans un flacon en forme de boulon orn\u00e9 d&#039;un passepoil dor\u00e9 sophistiqu\u00e9.<\/span><\/li>\n<li class=\"a-spacing-mini\"><span class=\"a-list-item\">ADOPTEZ LA DUALIT\u00c9 DE L&#039;HOMME. Embarquez pour un voyage sensoriel intense. L&#039;Eau de Toilette Bad Boy fascine par ses notes \u00e9pic\u00e9es de poivre noir et blanc, qui se fondent sur des nuances plus musqu\u00e9es de bergamote, de f\u00e8ve tonka et de cacao.<\/span><\/li>\n<li class=\"a-spacing-mini\"><span class=\"a-list-item\">PARFUM \u00c9CLATANT ET DURABLE. \u00c9veillez vos sens avec un parfum masculin et s\u00e9duisant qui vous enveloppe toute la journ\u00e9e.<\/span><\/li>\n<\/ul>\n<\/div>\n<\/div>\n<\/div>\n<\/div>\n<\/div>\n<\/div>","protected":false},"excerpt":{"rendered":"<p>Brand Carolina Herrera Item Form Spray Item Volume 100 Milliliters Scent Floral Special Feature Scented About this item FOR THE BOLD AND ENTICING SIDE OF YOU. Formulated to intrigue and attract, this vibrant amber spicy fragrance turns heads, as it emulates a sense of striking strength and mystery DISTINCTIVE DESIGN. Electrically representative of the wearer [&hellip;]<\/p>","protected":false},"featured_media":679,"template":"","meta":[],"product_brand":[61],"product_cat":[24],"product_tag":[],"class_list":{"0":"post-746","1":"product","2":"type-product","3":"status-publish","4":"has-post-thumbnail","6":"product_brand-carolina-herrera","7":"product_cat-carolina-herrera","9":"first","10":"instock","11":"sale","12":"taxable","13":"shipping-taxable","14":"purchasable","15":"product-type-simple"},"_links":{"self":[{"href":"https:\/\/scentget.com\/fr\/wp-json\/wp\/v2\/product\/746","targetHints":{"allow":["GET"]}}],"collection":[{"href":"https:\/\/scentget.com\/fr\/wp-json\/wp\/v2\/product"}],"about":[{"href":"https:\/\/scentget.com\/fr\/wp-json\/wp\/v2\/types\/product"}],"wp:featuredmedia":[{"embeddable":true,"href":"https:\/\/scentget.com\/fr\/wp-json\/wp\/v2\/media\/679"}],"wp:attachment":[{"href":"https:\/\/scentget.com\/fr\/wp-json\/wp\/v2\/media?parent=746"}],"wp:term":[{"taxonomy":"product_brand","embeddable":true,"href":"https:\/\/scentget.com\/fr\/wp-json\/wp\/v2\/product_brand?post=746"},{"taxonomy":"product_cat","embeddable":true,"href":"https:\/\/scentget.com\/fr\/wp-json\/wp\/v2\/product_cat?post=746"},{"taxonomy":"product_tag","embeddable":true,"href":"https:\/\/scentget.com\/fr\/wp-json\/wp\/v2\/product_tag?post=746"}],"curies":[{"name":"wp","href":"https:\/\/api.w.org\/{rel}","templated":true}]}}