{"id":744,"date":"2025-06-17T13:13:50","date_gmt":"2025-06-17T13:13:50","guid":{"rendered":"https:\/\/scentget.com\/?post_type=product&#038;p=744"},"modified":"2025-07-02T00:42:48","modified_gmt":"2025-07-02T00:42:48","slug":"carolina-herrera-good-girl-eau-de-parfum-2-7-oz-80-ml-2","status":"publish","type":"product","link":"https:\/\/scentget.com\/fr\/produit\/carolina-herrera-good-girl-eau-de-parfum-2-7-oz-80-ml-2\/","title":{"rendered":"Carolina Herrera Very Good Girl par Carolina Herrera pour femme 2,7 oz Eau de Parfum Spray"},"content":{"rendered":"<div id=\"productOverview_feature_div\" class=\"celwidget\" data-feature-name=\"productOverview\" data-csa-c-type=\"widget\" data-csa-c-content-id=\"productOverview\" data-csa-c-slot-id=\"productOverview_feature_div\" data-csa-c-asin=\"B07MFQQHQV\" data-csa-c-is-in-initial-active-row=\"false\" data-csa-c-id=\"ro8ukq-d4ni7q-s5qd78-rftewe\" data-cel-widget=\"productOverview_feature_div\">\n<div class=\"a-section a-spacing-small a-spacing-top-small\">\n<table class=\"a-normal a-spacing-micro\" role=\"list\">\n<tbody>\n<tr class=\"a-spacing-small po-brand\" role=\"listitem\">\n<td class=\"a-span3\" role=\"presentation\"><span class=\"a-size-base a-text-bold\">Marque<\/span><\/td>\n<td class=\"a-span9\" role=\"presentation\"><span class=\"a-size-base po-break-word\">Carolina Herrera<\/span><\/td>\n<\/tr>\n<tr class=\"a-spacing-small po-item_form\" role=\"listitem\">\n<td class=\"a-span3\" role=\"presentation\"><span class=\"a-size-base a-text-bold\">Formulaire d&#039;article<\/span><\/td>\n<td class=\"a-span9\" role=\"presentation\"><span class=\"a-size-base po-break-word\">Liquide<\/span><\/td>\n<\/tr>\n<tr class=\"a-spacing-small po-item_volume\" role=\"listitem\">\n<td class=\"a-span3\" role=\"presentation\"><span class=\"a-size-base a-text-bold\">Volume de l&#039;article<\/span><\/td>\n<td class=\"a-span9\" role=\"presentation\"><span class=\"a-size-base po-break-word\">2,7 onces liquides<\/span><\/td>\n<\/tr>\n<tr class=\"a-spacing-small po-scent\" role=\"listitem\">\n<td class=\"a-span3\" role=\"presentation\"><span class=\"a-size-base a-text-bold\">Parfum<\/span><\/td>\n<td class=\"a-span9\" role=\"presentation\"><span class=\"a-size-base po-break-word\">floral oriental<\/span><\/td>\n<\/tr>\n<tr class=\"a-spacing-small po-special_feature\" role=\"listitem\">\n<td class=\"a-span3\" role=\"presentation\"><span class=\"a-size-base a-text-bold\">Dossier sp\u00e9cial<\/span><\/td>\n<td class=\"a-span9\" role=\"presentation\"><span class=\"a-size-base po-break-word\">Parfum\u00e9<\/span><\/td>\n<\/tr>\n<\/tbody>\n<\/table>\n<\/div>\n<\/div>\n<div id=\"featurebullets_feature_div\" class=\"celwidget\" data-feature-name=\"featurebullets\" data-csa-c-type=\"widget\" data-csa-c-content-id=\"featurebullets\" data-csa-c-slot-id=\"featurebullets_feature_div\" data-csa-c-asin=\"B07MFQQHQV\" data-csa-c-is-in-initial-active-row=\"false\" data-csa-c-id=\"yixuyx-dhbycj-rwggj4-bkwtfq\" data-cel-widget=\"featurebullets_feature_div\">\n<div id=\"feature-bullets\" class=\"a-section a-spacing-medium a-spacing-top-small\">\n<hr class=\"a-divider-normal\" aria-hidden=\"true\" \/>\n<h2 class=\"a-size-base-plus a-text-bold\">\u00c0 propos de cet article<\/h2>\n<ul class=\"a-unordered-list a-vertical a-spacing-mini\">\n<li class=\"a-spacing-mini\"><span class=\"a-list-item\">Un parfum floral et fruit\u00e9 pour femme<\/span><\/li>\n<li class=\"a-spacing-mini\"><span class=\"a-list-item\">Amusant, fabuleux et intr\u00e9pide, Very Good Girl est une nouvelle interpr\u00e9tation audacieuse du parfum embl\u00e9matique Good Girl qui entrera directement dans votre c\u0153ur avec son parfum de rose s\u00e9duisant et son design br\u00fblant.<\/span><\/li>\n<li class=\"a-spacing-mini\"><span class=\"a-list-item\">Eau de Parfum Haute R\u00e9sistance<\/span><\/li>\n<li class=\"a-spacing-mini\"><span class=\"a-list-item\">Pr\u00e9sente le superbe nouveau flacon stiletto laqu\u00e9 rouge<\/span><\/li>\n<\/ul>\n<\/div>\n<\/div>","protected":false},"excerpt":{"rendered":"<p>Brand Carolina Herrera Item Form Liquid Item Volume 2.7 Fluid Ounces Scent oriental floral Special Feature Scented About this item A floral Fruity Fragrance for Women Fun, fabulous and fearless, Very Good Girl is a bold new interpretation of the iconic Good Girl scent that will walk straight into your heart with its seductive rose [&hellip;]<\/p>","protected":false},"featured_media":659,"template":"","meta":[],"product_brand":[61],"product_cat":[24],"product_tag":[],"class_list":{"0":"post-744","1":"product","2":"type-product","3":"status-publish","4":"has-post-thumbnail","6":"product_brand-carolina-herrera","7":"product_cat-carolina-herrera","9":"first","10":"instock","11":"sale","12":"taxable","13":"shipping-taxable","14":"purchasable","15":"product-type-simple"},"_links":{"self":[{"href":"https:\/\/scentget.com\/fr\/wp-json\/wp\/v2\/product\/744","targetHints":{"allow":["GET"]}}],"collection":[{"href":"https:\/\/scentget.com\/fr\/wp-json\/wp\/v2\/product"}],"about":[{"href":"https:\/\/scentget.com\/fr\/wp-json\/wp\/v2\/types\/product"}],"wp:featuredmedia":[{"embeddable":true,"href":"https:\/\/scentget.com\/fr\/wp-json\/wp\/v2\/media\/659"}],"wp:attachment":[{"href":"https:\/\/scentget.com\/fr\/wp-json\/wp\/v2\/media?parent=744"}],"wp:term":[{"taxonomy":"product_brand","embeddable":true,"href":"https:\/\/scentget.com\/fr\/wp-json\/wp\/v2\/product_brand?post=744"},{"taxonomy":"product_cat","embeddable":true,"href":"https:\/\/scentget.com\/fr\/wp-json\/wp\/v2\/product_cat?post=744"},{"taxonomy":"product_tag","embeddable":true,"href":"https:\/\/scentget.com\/fr\/wp-json\/wp\/v2\/product_tag?post=744"}],"curies":[{"name":"wp","href":"https:\/\/api.w.org\/{rel}","templated":true}]}}