{"id":982,"date":"2025-06-22T01:06:02","date_gmt":"2025-06-22T01:06:02","guid":{"rendered":"https:\/\/scentget.com\/?page_id=982"},"modified":"2025-06-27T03:22:03","modified_gmt":"2025-06-27T03:22:03","slug":"return-policy","status":"publish","type":"page","link":"https:\/\/scentget.com\/fr\/return-policy\/","title":{"rendered":"Politique de retour"},"content":{"rendered":"<div data-elementor-type=\"wp-page\" data-elementor-id=\"982\" class=\"elementor elementor-982\" data-elementor-post-type=\"page\">\n\t\t\t\t<div class=\"elementor-element elementor-element-6fbe17b e-flex e-con-boxed e-con e-parent\" data-id=\"6fbe17b\" data-element_type=\"container\">\n\t\t\t\t\t<div class=\"e-con-inner\">\n\t\t\t\t<div class=\"elementor-element elementor-element-252b17c elementor-widget elementor-widget-heading\" data-id=\"252b17c\" data-element_type=\"widget\" data-widget_type=\"heading.default\">\n\t\t\t\t<div class=\"elementor-widget-container\">\n\t\t\t\t\t<h2 class=\"elementor-heading-title elementor-size-default\">SYDNEY HAYES, LLC<\/h2>\t\t\t\t<\/div>\n\t\t\t\t<\/div>\n\t\t\t\t<div class=\"elementor-element elementor-element-721ee14 elementor-widget elementor-widget-text-editor\" data-id=\"721ee14\" data-element_type=\"widget\" data-widget_type=\"text-editor.default\">\n\t\t\t\t<div class=\"elementor-widget-container\">\n\t\t\t\t\t\t\t\t\t<p>6545 Cay Circle, Orlando, FL 32809\u00a0<\/p><p>Certificat fiscal n\u00b0 62-8018030536-8<\/p><p>\u00a0 \u00a0 \u00a0 \u00a0\u2022 Courriel d&#039;entreprise : <strong><span style=\"text-decoration: underline;\">czhirong4@gmail.com<\/span><\/strong><\/p><p>(surveill\u00e9 par SYDNEY HAYES, LLC)<br class=\"container-Vdm5p7 wrapper-_7axQ_ undefined\" \/>\u2022 WhatsApp Business :<strong> <span style=\"text-decoration: underline;\">+852-44066730<\/span><\/strong><\/p>\t\t\t\t\t\t\t\t<\/div>\n\t\t\t\t<\/div>\n\t\t\t\t\t<\/div>\n\t\t\t\t<\/div>\n\t\t<div class=\"elementor-element elementor-element-04011e8 e-flex e-con-boxed e-con e-parent\" data-id=\"04011e8\" data-element_type=\"container\">\n\t\t\t\t\t<div class=\"e-con-inner\">\n\t\t\t\t<div class=\"elementor-element elementor-element-cb375d0 elementor-widget elementor-widget-n-accordion\" data-id=\"cb375d0\" data-element_type=\"widget\" data-settings=\"{&quot;default_state&quot;:&quot;expanded&quot;,&quot;max_items_expended&quot;:&quot;one&quot;,&quot;n_accordion_animation_duration&quot;:{&quot;unit&quot;:&quot;ms&quot;,&quot;size&quot;:400,&quot;sizes&quot;:[]}}\" data-widget_type=\"nested-accordion.default\">\n\t\t\t\t<div class=\"elementor-widget-container\">\n\t\t\t\t\t\t\t<div class=\"e-n-accordion\" aria-label=\"Accord\u00e9on. Ouvrir les liens avec Entr\u00e9e ou Espace, les fermer avec \u00c9chap et naviguer avec les touches fl\u00e9ch\u00e9es.\">\n\t\t\t\t\t\t<details id=\"e-n-accordion-item-2130\" class=\"e-n-accordion-item\" open>\n\t\t\t\t<summary class=\"e-n-accordion-item-title\" data-accordion-index=\"1\" tabindex=\"0\" aria-expanded=\"true\" aria-controls=\"e-n-accordion-item-2130\" >\n\t\t\t\t\t<span class='e-n-accordion-item-title-header'><div class=\"e-n-accordion-item-title-text\"> 1. Calendrier d&#039;exp\u00e9dition <\/div><\/span>\n\t\t\t\t\t\t\t<span class='e-n-accordion-item-title-icon'>\n\t\t\t<span class='e-opened' ><svg aria-hidden=\"true\" class=\"e-font-icon-svg e-fas-minus\" viewbox=\"0 0 448 512\" xmlns=\"http:\/\/www.w3.org\/2000\/svg\"><path d=\"M416 208H32c-17.67 0-32 14.33-32 32v32c0 17.67 14.33 32 32 32h384c17.67 0 32-14.33 32-32v-32c0-17.67-14.33-32-32-32z\"><\/path><\/svg><\/span>\n\t\t\t<span class='e-closed'><svg aria-hidden=\"true\" class=\"e-font-icon-svg e-fas-plus\" viewbox=\"0 0 448 512\" xmlns=\"http:\/\/www.w3.org\/2000\/svg\"><path d=\"M416 208H272V64c0-17.67-14.33-32-32-32h-32c-17.67 0-32 14.33-32 32v144H32c-17.67 0-32 14.33-32 32v32c0 17.67 14.33 32 32 32h144v144c0 17.67 14.33 32 32 32h32c17.67 0 32-14.33 32-32V304h144c17.67 0 32-14.33 32-32v-32c0-17.67-14.33-32-32-32z\"><\/path><\/svg><\/span>\n\t\t<\/span>\n\n\t\t\t\t\t\t<\/summary>\n\t\t\t\t<div role=\"region\" aria-labelledby=\"e-n-accordion-item-2130\" class=\"elementor-element elementor-element-e94e12a e-con-full e-flex e-con e-child\" data-id=\"e94e12a\" data-element_type=\"container\">\n\t\t<div role=\"region\" aria-labelledby=\"e-n-accordion-item-2130\" class=\"elementor-element elementor-element-31e5d37 e-flex e-con-boxed e-con e-child\" data-id=\"31e5d37\" data-element_type=\"container\">\n\t\t\t\t\t<div class=\"e-con-inner\">\n\t\t\t\t<div class=\"elementor-element elementor-element-92f70cb elementor-widget elementor-widget-text-editor\" data-id=\"92f70cb\" data-element_type=\"widget\" data-widget_type=\"text-editor.default\">\n\t\t\t\t<div class=\"elementor-widget-container\">\n\t\t\t\t\t\t\t\t\t<div class=\"auto-hide-last-sibling-br paragraph-Oc488D paragraph-element br-paragraph-space\">Nous,\u00a0<strong>SYDNEY HAYES, LLC<\/strong>\u00a0(enregistr\u00e9e au 6545 Cay Circle, Orlando, FL 32809, \u00c9tats-Unis ; certificat fiscal n\u00b0 62-8018030536-8), maintient un r\u00e9seau d&#039;entreposage mondial couvrant des r\u00e9gions cl\u00e9s, notamment :<\/div><ul class=\"auto-hide-last-sibling-br\"><li><strong>Am\u00e9rique du Nord<\/strong>: \u00c9tats-Unis, Canada<\/li><li><strong>Europe<\/strong>: Allemagne, France, Royaume-Uni, Espagne, Italie<\/li><li><strong>Asie-Pacifique<\/strong>: Japon, Cor\u00e9e du Sud, Singapour, Malaisie, Tha\u00eflande<\/li><li><strong>Moyen-Orient<\/strong>: \u00c9mirats arabes unis, Arabie saoudite<\/li><li><strong>Oc\u00e9anie<\/strong>: Australie<\/li><\/ul><div class=\"auto-hide-last-sibling-br paragraph-Oc488D paragraph-element br-paragraph-space\">En raison des variations r\u00e9gionales de la logistique, les d\u00e9lais de livraison exacts ne peuvent \u00eatre garantis. Cependant, nous\u00a0<strong>exp\u00e9dition garantie dans les 24 heures suivant la confirmation de la commande<\/strong>\u00a0et fournira un num\u00e9ro de suivi local via votre e-mail de commande pour des mises \u00e0 jour en temps r\u00e9el.<\/div>\t\t\t\t\t\t\t\t<\/div>\n\t\t\t\t<\/div>\n\t\t\t\t\t<\/div>\n\t\t\t\t<\/div>\n\t\t\t\t<\/div>\n\t\t\t\t\t<\/details>\n\t\t\t\t\t<\/div>\n\t\t\t\t\t\t<\/div>\n\t\t\t\t<\/div>\n\t\t\t\t\t<\/div>\n\t\t\t\t<\/div>\n\t\t<div class=\"elementor-element elementor-element-361982c e-con-full e-flex e-con e-parent\" data-id=\"361982c\" data-element_type=\"container\">\n\t\t\t\t<div class=\"elementor-element elementor-element-d6ab13e elementor-widget elementor-widget-heading\" data-id=\"d6ab13e\" data-element_type=\"widget\" data-widget_type=\"heading.default\">\n\t\t\t\t<div class=\"elementor-widget-container\">\n\t\t\t\t\t<h2 class=\"elementor-heading-title elementor-size-default\">Politique de retour<\/h2>\t\t\t\t<\/div>\n\t\t\t\t<\/div>\n\t\t\t\t<\/div>\n\t\t<div class=\"elementor-element elementor-element-a6c99f2 e-flex e-con-boxed e-con e-parent\" data-id=\"a6c99f2\" data-element_type=\"container\">\n\t\t\t\t\t<div class=\"e-con-inner\">\n\t\t\t\t<div class=\"elementor-element elementor-element-c470ee5 elementor-widget elementor-widget-n-accordion\" data-id=\"c470ee5\" data-element_type=\"widget\" data-settings=\"{&quot;default_state&quot;:&quot;expanded&quot;,&quot;max_items_expended&quot;:&quot;one&quot;,&quot;n_accordion_animation_duration&quot;:{&quot;unit&quot;:&quot;ms&quot;,&quot;size&quot;:400,&quot;sizes&quot;:[]}}\" data-widget_type=\"nested-accordion.default\">\n\t\t\t\t<div class=\"elementor-widget-container\">\n\t\t\t\t\t\t\t<div class=\"e-n-accordion\" aria-label=\"Accord\u00e9on. Ouvrir les liens avec Entr\u00e9e ou Espace, les fermer avec \u00c9chap et naviguer avec les touches fl\u00e9ch\u00e9es.\">\n\t\t\t\t\t\t<details id=\"e-n-accordion-item-2050\" class=\"e-n-accordion-item\" open>\n\t\t\t\t<summary class=\"e-n-accordion-item-title\" data-accordion-index=\"1\" tabindex=\"0\" aria-expanded=\"true\" aria-controls=\"e-n-accordion-item-2050\" >\n\t\t\t\t\t<span class='e-n-accordion-item-title-header'><div class=\"e-n-accordion-item-title-text\"> 1. Garantie d&#039;authenticit\u00e9 et de conformit\u00e9 <\/div><\/span>\n\t\t\t\t\t\t\t<span class='e-n-accordion-item-title-icon'>\n\t\t\t<span class='e-opened' ><svg aria-hidden=\"true\" class=\"e-font-icon-svg e-fas-minus\" viewbox=\"0 0 448 512\" xmlns=\"http:\/\/www.w3.org\/2000\/svg\"><path d=\"M416 208H32c-17.67 0-32 14.33-32 32v32c0 17.67 14.33 32 32 32h384c17.67 0 32-14.33 32-32v-32c0-17.67-14.33-32-32-32z\"><\/path><\/svg><\/span>\n\t\t\t<span class='e-closed'><svg aria-hidden=\"true\" class=\"e-font-icon-svg e-fas-plus\" viewbox=\"0 0 448 512\" xmlns=\"http:\/\/www.w3.org\/2000\/svg\"><path d=\"M416 208H272V64c0-17.67-14.33-32-32-32h-32c-17.67 0-32 14.33-32 32v144H32c-17.67 0-32 14.33-32 32v32c0 17.67 14.33 32 32 32h144v144c0 17.67 14.33 32 32 32h32c17.67 0 32-14.33 32-32V304h144c17.67 0 32-14.33 32-32v-32c0-17.67-14.33-32-32-32z\"><\/path><\/svg><\/span>\n\t\t<\/span>\n\n\t\t\t\t\t\t<\/summary>\n\t\t\t\t<div role=\"region\" aria-labelledby=\"e-n-accordion-item-2050\" class=\"elementor-element elementor-element-1081853 e-con-full e-flex e-con e-child\" data-id=\"1081853\" data-element_type=\"container\">\n\t\t\t\t<div class=\"elementor-element elementor-element-0655582 elementor-widget elementor-widget-text-editor\" data-id=\"0655582\" data-element_type=\"widget\" data-widget_type=\"text-editor.default\">\n\t\t\t\t<div class=\"elementor-widget-container\">\n\t\t\t\t\t\t\t\t\t<p>En tant qu&#039;entit\u00e9 enregistr\u00e9e en Floride (SYDNEY HAYES, LLC), tous les produits sont\u00a0<strong>officiellement autoris\u00e9 par les marques<\/strong>\u00a0et enti\u00e8rement conforme \u00e0 la r\u00e9glementation commerciale am\u00e9ricaine. Cliquez ici <a href=\"https:\/\/scentget.com\/fr\/authorization-certificates\/\"><span style=\"text-decoration: underline;\"><em>[Voir les certificats d&#039;autorisation]<\/em><\/span><\/a> pour v\u00e9rifier notre marque et notre documentation de conformit\u00e9 fiscale.<\/p>\t\t\t\t\t\t\t\t<\/div>\n\t\t\t\t<\/div>\n\t\t\t\t<\/div>\n\t\t\t\t\t<\/details>\n\t\t\t\t\t\t<details id=\"e-n-accordion-item-2051\" class=\"e-n-accordion-item\" >\n\t\t\t\t<summary class=\"e-n-accordion-item-title\" data-accordion-index=\"2\" tabindex=\"-1\" aria-expanded=\"false\" aria-controls=\"e-n-accordion-item-2051\" >\n\t\t\t\t\t<span class='e-n-accordion-item-title-header'><div class=\"e-n-accordion-item-title-text\"> 2. Sc\u00e9narios de retour \u00e9ligibles <\/div><\/span>\n\t\t\t\t\t\t\t<span class='e-n-accordion-item-title-icon'>\n\t\t\t<span class='e-opened' ><svg aria-hidden=\"true\" class=\"e-font-icon-svg e-fas-minus\" viewbox=\"0 0 448 512\" xmlns=\"http:\/\/www.w3.org\/2000\/svg\"><path d=\"M416 208H32c-17.67 0-32 14.33-32 32v32c0 17.67 14.33 32 32 32h384c17.67 0 32-14.33 32-32v-32c0-17.67-14.33-32-32-32z\"><\/path><\/svg><\/span>\n\t\t\t<span class='e-closed'><svg aria-hidden=\"true\" class=\"e-font-icon-svg e-fas-plus\" viewbox=\"0 0 448 512\" xmlns=\"http:\/\/www.w3.org\/2000\/svg\"><path d=\"M416 208H272V64c0-17.67-14.33-32-32-32h-32c-17.67 0-32 14.33-32 32v144H32c-17.67 0-32 14.33-32 32v32c0 17.67 14.33 32 32 32h144v144c0 17.67 14.33 32 32 32h32c17.67 0 32-14.33 32-32V304h144c17.67 0 32-14.33 32-32v-32c0-17.67-14.33-32-32-32z\"><\/path><\/svg><\/span>\n\t\t<\/span>\n\n\t\t\t\t\t\t<\/summary>\n\t\t\t\t<div role=\"region\" aria-labelledby=\"e-n-accordion-item-2051\" class=\"elementor-element elementor-element-bc73ded e-con-full e-flex e-con e-child\" data-id=\"bc73ded\" data-element_type=\"container\">\n\t\t\t\t<div class=\"elementor-element elementor-element-aa335c6 elementor-widget elementor-widget-text-editor\" data-id=\"aa335c6\" data-element_type=\"widget\" data-widget_type=\"text-editor.default\">\n\t\t\t\t<div class=\"elementor-widget-container\">\n\t\t\t\t\t\t\t\t\t<p>Un retour sans poser de questions de 7 jours s&#039;applique \u00e0 :<br class=\"container-Vdm5p7 wrapper-_7axQ_ undefined\" \/>\u2022 Dommages survenus pendant le transport<br class=\"container-Vdm5p7 wrapper-_7axQ_ undefined\" \/>\u2022 Erreurs d&#039;exp\u00e9dition caus\u00e9es par les op\u00e9rations d&#039;entrep\u00f4t<\/p><p>\u2022 L&#039;emballage non ouvert n&#039;affecte pas les ventes secondaires<\/p>\t\t\t\t\t\t\t\t<\/div>\n\t\t\t\t<\/div>\n\t\t\t\t<\/div>\n\t\t\t\t\t<\/details>\n\t\t\t\t\t\t<details id=\"e-n-accordion-item-2052\" class=\"e-n-accordion-item\" >\n\t\t\t\t<summary class=\"e-n-accordion-item-title\" data-accordion-index=\"3\" tabindex=\"-1\" aria-expanded=\"false\" aria-controls=\"e-n-accordion-item-2052\" >\n\t\t\t\t\t<span class='e-n-accordion-item-title-header'><div class=\"e-n-accordion-item-title-text\"> 3. Processus de retour <\/div><\/span>\n\t\t\t\t\t\t\t<span class='e-n-accordion-item-title-icon'>\n\t\t\t<span class='e-opened' ><svg aria-hidden=\"true\" class=\"e-font-icon-svg e-fas-minus\" viewbox=\"0 0 448 512\" xmlns=\"http:\/\/www.w3.org\/2000\/svg\"><path d=\"M416 208H32c-17.67 0-32 14.33-32 32v32c0 17.67 14.33 32 32 32h384c17.67 0 32-14.33 32-32v-32c0-17.67-14.33-32-32-32z\"><\/path><\/svg><\/span>\n\t\t\t<span class='e-closed'><svg aria-hidden=\"true\" class=\"e-font-icon-svg e-fas-plus\" viewbox=\"0 0 448 512\" xmlns=\"http:\/\/www.w3.org\/2000\/svg\"><path d=\"M416 208H272V64c0-17.67-14.33-32-32-32h-32c-17.67 0-32 14.33-32 32v144H32c-17.67 0-32 14.33-32 32v32c0 17.67 14.33 32 32 32h144v144c0 17.67 14.33 32 32 32h32c17.67 0 32-14.33 32-32V304h144c17.67 0 32-14.33 32-32v-32c0-17.67-14.33-32-32-32z\"><\/path><\/svg><\/span>\n\t\t<\/span>\n\n\t\t\t\t\t\t<\/summary>\n\t\t\t\t<div role=\"region\" aria-labelledby=\"e-n-accordion-item-2052\" class=\"elementor-element elementor-element-507dabf e-con-full e-flex e-con e-child\" data-id=\"507dabf\" data-element_type=\"container\">\n\t\t\t\t<div class=\"elementor-element elementor-element-9bfdfcf elementor-widget elementor-widget-text-editor\" data-id=\"9bfdfcf\" data-element_type=\"widget\" data-widget_type=\"text-editor.default\">\n\t\t\t\t<div class=\"elementor-widget-container\">\n\t\t\t\t\t\t\t\t\t<div class=\"auto-hide-last-sibling-br paragraph-Oc488D paragraph-element br-paragraph-space\">\u00a0Pour une assistance transparente, contactez-nous d&#039;abord via :<br class=\"container-Vdm5p7 wrapper-_7axQ_ undefined\" \/>\u2022 Courriel d&#039;entreprise : <strong><span style=\"text-decoration: underline;\">czhirong4@gmail.com<\/span><\/strong> (surveill\u00e9 par SYDNEY HAYES, LLC)<br class=\"container-Vdm5p7 wrapper-_7axQ_ undefined\" \/>\u2022 WhatsApp Business :<strong> <span style=\"text-decoration: underline;\">+852-44066730<\/span><\/strong><br class=\"container-Vdm5p7 wrapper-_7axQ_ undefined\" \/>\u2022 Ou utilisez le portail [Contactez-nous] (li\u00e9 \u00e0 nos canaux de communication officiels).<\/div><div class=\"auto-hide-last-sibling-br paragraph-Oc488D paragraph-element br-paragraph-space\">Notre \u00e9quipe vous attribuera le centre de retour le plus proche en fonction de votre adresse et\u00a0<strong>couvrir tous les frais de retour<\/strong>\u00a0(conform\u00e9ment \u00e0 la r\u00e9glementation commerciale de Floride).<\/div>\t\t\t\t\t\t\t\t<\/div>\n\t\t\t\t<\/div>\n\t\t\t\t<\/div>\n\t\t\t\t\t<\/details>\n\t\t\t\t\t\t<details id=\"e-n-accordion-item-2053\" class=\"e-n-accordion-item\" >\n\t\t\t\t<summary class=\"e-n-accordion-item-title\" data-accordion-index=\"4\" tabindex=\"-1\" aria-expanded=\"false\" aria-controls=\"e-n-accordion-item-2053\" >\n\t\t\t\t\t<span class='e-n-accordion-item-title-header'><div class=\"e-n-accordion-item-title-text\"> 4. Fen\u00eatre de retour <\/div><\/span>\n\t\t\t\t\t\t\t<span class='e-n-accordion-item-title-icon'>\n\t\t\t<span class='e-opened' ><svg aria-hidden=\"true\" class=\"e-font-icon-svg e-fas-minus\" viewbox=\"0 0 448 512\" xmlns=\"http:\/\/www.w3.org\/2000\/svg\"><path d=\"M416 208H32c-17.67 0-32 14.33-32 32v32c0 17.67 14.33 32 32 32h384c17.67 0 32-14.33 32-32v-32c0-17.67-14.33-32-32-32z\"><\/path><\/svg><\/span>\n\t\t\t<span class='e-closed'><svg aria-hidden=\"true\" class=\"e-font-icon-svg e-fas-plus\" viewbox=\"0 0 448 512\" xmlns=\"http:\/\/www.w3.org\/2000\/svg\"><path d=\"M416 208H272V64c0-17.67-14.33-32-32-32h-32c-17.67 0-32 14.33-32 32v144H32c-17.67 0-32 14.33-32 32v32c0 17.67 14.33 32 32 32h144v144c0 17.67 14.33 32 32 32h32c17.67 0 32-14.33 32-32V304h144c17.67 0 32-14.33 32-32v-32c0-17.67-14.33-32-32-32z\"><\/path><\/svg><\/span>\n\t\t<\/span>\n\n\t\t\t\t\t\t<\/summary>\n\t\t\t\t<div role=\"region\" aria-labelledby=\"e-n-accordion-item-2053\" class=\"elementor-element elementor-element-96cbf4a e-flex e-con-boxed e-con e-child\" data-id=\"96cbf4a\" data-element_type=\"container\">\n\t\t\t\t\t<div class=\"e-con-inner\">\n\t\t\t\t<div class=\"elementor-element elementor-element-b468216 elementor-widget elementor-widget-text-editor\" data-id=\"b468216\" data-element_type=\"widget\" data-widget_type=\"text-editor.default\">\n\t\t\t\t<div class=\"elementor-widget-container\">\n\t\t\t\t\t\t\t\t\t<p>\u00a0Effectuez les retours dans les 7 jours suivant la livraison pour \u00eatre admissible.<\/p>\t\t\t\t\t\t\t\t<\/div>\n\t\t\t\t<\/div>\n\t\t\t\t\t<\/div>\n\t\t\t\t<\/div>\n\t\t\t\t\t<\/details>\n\t\t\t\t\t<\/div>\n\t\t\t\t\t\t<\/div>\n\t\t\t\t<\/div>\n\t\t\t\t\t<\/div>\n\t\t\t\t<\/div>\n\t\t<div class=\"elementor-element elementor-element-6975329 e-flex e-con-boxed e-con e-parent\" data-id=\"6975329\" data-element_type=\"container\">\n\t\t\t\t\t<div class=\"e-con-inner\">\n\t\t\t\t<div class=\"elementor-element elementor-element-365ac38 elementor-mobile-align-justify elementor-align-center elementor-widget elementor-widget-button\" data-id=\"365ac38\" data-element_type=\"widget\" data-widget_type=\"button.default\">\n\t\t\t\t<div class=\"elementor-widget-container\">\n\t\t\t\t\t\t\t\t\t<div class=\"elementor-button-wrapper\">\n\t\t\t\t\t<a class=\"elementor-button elementor-button-link elementor-size-sm\" href=\"#elementor-action%3Aaction%3Dpopup%3Aopen%26settings%3DeyJpZCI6IjExOTMiLCJ0b2dnbGUiOmZhbHNlfQ%3D%3D\">\n\t\t\t\t\t\t<span class=\"elementor-button-content-wrapper\">\n\t\t\t\t\t\t\t\t\t<span class=\"elementor-button-text\">Besoin d&#039;aide\u00a0? Contactez-nous<\/span>\n\t\t\t\t\t<\/span>\n\t\t\t\t\t<\/a>\n\t\t\t\t<\/div>\n\t\t\t\t\t\t\t\t<\/div>\n\t\t\t\t<\/div>\n\t\t\t\t\t<\/div>\n\t\t\t\t<\/div>\n\t\t\t\t<\/div>","protected":false},"excerpt":{"rendered":"<p>SYDNEY HAYES, LLC 6545 Cay Circle, Orlando, FL 32809 Certificat fiscal n\u00b0 62-8018030536-8 \u2022 E-mail d&#039;entreprise : czhirong4@gmail.com (surveill\u00e9 par SYDNEY HAYES, LLC) \u2022 WhatsApp Business : +852-44066730 1. D\u00e9lai d&#039;exp\u00e9dition Nous, SYDNEY HAYES, LLC (enregistr\u00e9e au 6545 Cay Circle, Orlando, FL 32809, \u00c9tats-Unis ; certificat fiscal n\u00b0 62-8018030536-8), maintenons un r\u00e9seau d&#039;entreposage mondial couvrant des r\u00e9gions cl\u00e9s, notamment : [\u2026]<\/p>","protected":false},"author":1,"featured_media":0,"parent":0,"menu_order":0,"comment_status":"closed","ping_status":"closed","template":"","meta":{"footnotes":""},"class_list":["post-982","page","type-page","status-publish","hentry"],"_links":{"self":[{"href":"https:\/\/scentget.com\/fr\/wp-json\/wp\/v2\/pages\/982","targetHints":{"allow":["GET"]}}],"collection":[{"href":"https:\/\/scentget.com\/fr\/wp-json\/wp\/v2\/pages"}],"about":[{"href":"https:\/\/scentget.com\/fr\/wp-json\/wp\/v2\/types\/page"}],"author":[{"embeddable":true,"href":"https:\/\/scentget.com\/fr\/wp-json\/wp\/v2\/users\/1"}],"replies":[{"embeddable":true,"href":"https:\/\/scentget.com\/fr\/wp-json\/wp\/v2\/comments?post=982"}],"version-history":[{"count":8,"href":"https:\/\/scentget.com\/fr\/wp-json\/wp\/v2\/pages\/982\/revisions"}],"predecessor-version":[{"id":1286,"href":"https:\/\/scentget.com\/fr\/wp-json\/wp\/v2\/pages\/982\/revisions\/1286"}],"wp:attachment":[{"href":"https:\/\/scentget.com\/fr\/wp-json\/wp\/v2\/media?parent=982"}],"curies":[{"name":"wp","href":"https:\/\/api.w.org\/{rel}","templated":true}]}}