{"id":767,"date":"2025-06-17T14:03:00","date_gmt":"2025-06-17T14:03:00","guid":{"rendered":"https:\/\/scentget.com\/?post_type=product&#038;p=767"},"modified":"2025-07-02T00:37:16","modified_gmt":"2025-07-02T00:37:16","slug":"armaf-club-de-nuit-for-women-eau-de-parfum-spray-3-6ounce","status":"publish","type":"product","link":"https:\/\/scentget.com\/es\/producto\/armaf-club-de-nuit-for-women-eau-de-parfum-spray-3-6ounce\/","title":{"rendered":"Armaf Club De Nuit para mujer Eau de Parfum Spray, 3.6 onzas"},"content":{"rendered":"<div id=\"productOverview_feature_div\" class=\"celwidget\" data-feature-name=\"productOverview\" data-csa-c-type=\"widget\" data-csa-c-content-id=\"productOverview\" data-csa-c-slot-id=\"productOverview_feature_div\" data-csa-c-asin=\"B07MFQQHQV\" data-csa-c-is-in-initial-active-row=\"false\" data-csa-c-id=\"ro8ukq-d4ni7q-s5qd78-rftewe\" data-cel-widget=\"productOverview_feature_div\">\n<div class=\"a-section a-spacing-small a-spacing-top-small\">\n<div id=\"productOverview_feature_div\" class=\"celwidget\" data-feature-name=\"productOverview\" data-csa-c-type=\"widget\" data-csa-c-content-id=\"productOverview\" data-csa-c-slot-id=\"productOverview_feature_div\" data-csa-c-asin=\"B0FBGY3G96\" data-csa-c-is-in-initial-active-row=\"false\" data-csa-c-id=\"1danqm-622gfx-nknx4k-7h81mw\" data-cel-widget=\"productOverview_feature_div\">\n<div id=\"productOverview_feature_div\" class=\"celwidget\" data-feature-name=\"productOverview\" data-csa-c-type=\"widget\" data-csa-c-content-id=\"productOverview\" data-csa-c-slot-id=\"productOverview_feature_div\" data-csa-c-asin=\"B08FBQWRYC\" data-csa-c-is-in-initial-active-row=\"false\" data-csa-c-id=\"516ug6-nbrgbp-ut6k42-5u4uxv\">\n<div id=\"productOverview_feature_div\" class=\"celwidget\" data-feature-name=\"productOverview\" data-csa-c-type=\"widget\" data-csa-c-content-id=\"productOverview\" data-csa-c-slot-id=\"productOverview_feature_div\" data-csa-c-asin=\"B084D1N7JJ\" data-csa-c-is-in-initial-active-row=\"false\" data-csa-c-id=\"p0v7qv-brwbfv-u73zne-8ll38w\" data-cel-widget=\"productOverview_feature_div\">\n<div class=\"a-section a-spacing-small a-spacing-top-small\">\n<div id=\"productOverview_feature_div\" class=\"celwidget\" data-feature-name=\"productOverview\" data-csa-c-type=\"widget\" data-csa-c-content-id=\"productOverview\" data-csa-c-slot-id=\"productOverview_feature_div\" data-csa-c-asin=\"B08JL2XSMZ\" data-csa-c-is-in-initial-active-row=\"false\" data-csa-c-id=\"sndf42-h12t4v-5tfrml-22wr6s\" data-cel-widget=\"productOverview_feature_div\">\n<div class=\"a-section a-spacing-small a-spacing-top-small\">\n<div id=\"productOverview_feature_div\" class=\"celwidget\" data-feature-name=\"productOverview\" data-csa-c-type=\"widget\" data-csa-c-content-id=\"productOverview\" data-csa-c-slot-id=\"productOverview_feature_div\" data-csa-c-asin=\"B08JL2XSMZ\" data-csa-c-is-in-initial-active-row=\"false\" data-csa-c-id=\"sndf42-h12t4v-5tfrml-22wr6s\" data-cel-widget=\"productOverview_feature_div\">\n<div class=\"a-section a-spacing-small a-spacing-top-small\">\n<div id=\"productOverview_feature_div\" class=\"celwidget\" data-feature-name=\"productOverview\" data-csa-c-type=\"widget\" data-csa-c-content-id=\"productOverview\" data-csa-c-slot-id=\"productOverview_feature_div\" data-csa-c-asin=\"B00CLF6K3I\" data-csa-c-is-in-initial-active-row=\"false\" data-csa-c-id=\"j6dcvb-t77wka-9paw2q-67p86z\" data-cel-widget=\"productOverview_feature_div\">\n<div class=\"a-section a-spacing-small a-spacing-top-small\">\n<table class=\"a-normal a-spacing-micro\" role=\"list\">\n<tbody>\n<tr class=\"a-spacing-small po-brand\" role=\"listitem\">\n<td class=\"a-span3\" role=\"presentation\"><span class=\"a-size-base a-text-bold\">Marca<\/span><\/td>\n<td class=\"a-span9\" role=\"presentation\"><span class=\"a-size-base po-break-word\">Armaf<\/span><\/td>\n<\/tr>\n<tr class=\"a-spacing-small po-item_form\" role=\"listitem\">\n<td class=\"a-span3\" role=\"presentation\"><span class=\"a-size-base a-text-bold\">Formulario de art\u00edculo<\/span><\/td>\n<td class=\"a-span9\" role=\"presentation\"><span class=\"a-size-base po-break-word\">L\u00edquido<\/span><\/td>\n<\/tr>\n<tr class=\"a-spacing-small po-item_volume\" role=\"listitem\">\n<td class=\"a-span3\" role=\"presentation\"><span class=\"a-size-base a-text-bold\">Volumen del art\u00edculo<\/span><\/td>\n<td class=\"a-span9\" role=\"presentation\"><span class=\"a-size-base po-break-word\">105 mililitros<\/span><\/td>\n<\/tr>\n<tr class=\"a-spacing-small po-scent\" role=\"listitem\">\n<td class=\"a-span3\" role=\"presentation\"><span class=\"a-size-base a-text-bold\">Aroma<\/span><\/td>\n<td class=\"a-span9\" role=\"presentation\"><span class=\"a-size-base\"><span class=\"a-truncate po-truncate-attribute\" data-a-word-break=\"normal\" data-a-truncate-name=\"po-attribute-truncate-3\" data-a-max-rows=\"3\" data-a-overflow-marker=\"&amp;hellip;\" data-a-recalculate=\"false\" data-a-updated=\"true\"><span class=\"a-truncate-full a-offscreen\">Naranja, pomelo, bergamota, melocot\u00f3n, rosa, geranio, jazm\u00edn, lichi, pachul\u00ed, vainilla, almizcle, vetiver<\/span><span class=\"a-truncate-cut\" aria-hidden=\"true\">Naranja, pomelo, bergamota, melocot\u00f3n, rosa, geranio, jazm\u00edn, lichi, pachul\u00ed, vainilla, almizcle, vetiver<\/span><\/span><\/span><\/td>\n<\/tr>\n<tr class=\"a-spacing-small po-special_feature\" role=\"listitem\">\n<td class=\"a-span3\" role=\"presentation\"><span class=\"a-size-base a-text-bold\">Caracter\u00edstica especial<\/span><\/td>\n<td class=\"a-span9\" role=\"presentation\"><span class=\"a-size-base po-break-word\">De larga duraci\u00f3n<\/span><\/td>\n<\/tr>\n<\/tbody>\n<\/table>\n<\/div>\n<\/div>\n<div id=\"featurebullets_feature_div\" class=\"celwidget\" data-feature-name=\"featurebullets\" data-csa-c-type=\"widget\" data-csa-c-content-id=\"featurebullets\" data-csa-c-slot-id=\"featurebullets_feature_div\" data-csa-c-asin=\"B00CLF6K3I\" data-csa-c-is-in-initial-active-row=\"false\" data-csa-c-id=\"bwm8u4-70dvez-q8zmq-hn32vc\" data-cel-widget=\"featurebullets_feature_div\">\n<div id=\"feature-bullets\" class=\"a-section a-spacing-medium a-spacing-top-small\">\n<hr class=\"a-divider-normal\" aria-hidden=\"true\" \/>\n<h2 class=\"a-size-base-plus a-text-bold\">Acerca de este art\u00edculo<\/h2>\n<ul class=\"a-unordered-list a-vertical a-spacing-mini\">\n<li class=\"a-spacing-mini\"><span class=\"a-list-item\">Club de Nuit Woman de Armaf es una fragancia floral frutal para mujeres.<\/span><\/li>\n<li class=\"a-spacing-mini\"><span class=\"a-list-item\">Las notas de salida son naranja, bergamota, pomelo y melocot\u00f3n.<\/span><\/li>\n<li class=\"a-spacing-mini\"><span class=\"a-list-item\">Las notas medias son rosa, jazm\u00edn, geranio y lichi.<\/span><\/li>\n<li class=\"a-spacing-mini\"><span class=\"a-list-item\">Las notas de fondo son pachul\u00ed, vainilla, almizcle y vetiver.<\/span><\/li>\n<li class=\"a-spacing-mini\"><span class=\"a-list-item\">Es una fragancia duradera.<\/span><\/li>\n<\/ul>\n<\/div>\n<\/div>\n<\/div>\n<\/div>\n<\/div>\n<\/div>\n<\/div>\n<\/div>\n<\/div>\n<\/div>\n<\/div>\n<\/div>","protected":false},"excerpt":{"rendered":"<p>Brand Armaf Item Form Liquid Item Volume 105 Milliliters Scent Orange, Grapefruit, Bergamot, Peach, Rose, Geranium, Jasmine, Litchi, Patchouli, Vanilla, Musk, VetiverOrange, Grapefruit, Bergamot, Peach, Rose, Geranium, Jasmine, Litchi, Patchouli, Vanilla, Musk, Vetiver Special Feature Long Lasting About this item Club de Nuit Woman by Armaf is a Floral Fruity fragrance for women Top notes [&hellip;]<\/p>","protected":false},"featured_media":702,"template":"","meta":[],"product_brand":[77],"product_cat":[76],"product_tag":[],"class_list":{"0":"post-767","1":"product","2":"type-product","3":"status-publish","4":"has-post-thumbnail","6":"product_brand-armaf","7":"product_cat-armaf","9":"first","10":"instock","11":"sale","12":"taxable","13":"shipping-taxable","14":"purchasable","15":"product-type-simple"},"_links":{"self":[{"href":"https:\/\/scentget.com\/es\/wp-json\/wp\/v2\/product\/767","targetHints":{"allow":["GET"]}}],"collection":[{"href":"https:\/\/scentget.com\/es\/wp-json\/wp\/v2\/product"}],"about":[{"href":"https:\/\/scentget.com\/es\/wp-json\/wp\/v2\/types\/product"}],"wp:featuredmedia":[{"embeddable":true,"href":"https:\/\/scentget.com\/es\/wp-json\/wp\/v2\/media\/702"}],"wp:attachment":[{"href":"https:\/\/scentget.com\/es\/wp-json\/wp\/v2\/media?parent=767"}],"wp:term":[{"taxonomy":"product_brand","embeddable":true,"href":"https:\/\/scentget.com\/es\/wp-json\/wp\/v2\/product_brand?post=767"},{"taxonomy":"product_cat","embeddable":true,"href":"https:\/\/scentget.com\/es\/wp-json\/wp\/v2\/product_cat?post=767"},{"taxonomy":"product_tag","embeddable":true,"href":"https:\/\/scentget.com\/es\/wp-json\/wp\/v2\/product_tag?post=767"}],"curies":[{"name":"wp","href":"https:\/\/api.w.org\/{rel}","templated":true}]}}