{"id":750,"date":"2025-06-17T13:26:11","date_gmt":"2025-06-17T13:26:11","guid":{"rendered":"https:\/\/scentget.com\/?post_type=product&#038;p=750"},"modified":"2025-07-02T00:41:11","modified_gmt":"2025-07-02T00:41:11","slug":"carolina-herrera-good-girl-eau-de-parfum-2-7-oz-80-ml-5","status":"publish","type":"product","link":"https:\/\/scentget.com\/de\/produkt\/carolina-herrera-good-girl-eau-de-parfum-2-7-oz-80-ml-5\/","title":{"rendered":"Carolina Herrera Good Girl Eau de Parfum 2,7 oz\/ 80 ml"},"content":{"rendered":"<div id=\"productOverview_feature_div\" class=\"celwidget\" data-feature-name=\"productOverview\" data-csa-c-type=\"widget\" data-csa-c-content-id=\"productOverview\" data-csa-c-slot-id=\"productOverview_feature_div\" data-csa-c-asin=\"B07MFQQHQV\" data-csa-c-is-in-initial-active-row=\"false\" data-csa-c-id=\"ro8ukq-d4ni7q-s5qd78-rftewe\" data-cel-widget=\"productOverview_feature_div\">\n<div class=\"a-section a-spacing-small a-spacing-top-small\">\n<table class=\"a-normal a-spacing-micro\" role=\"list\">\n<tbody>\n<tr class=\"a-spacing-small po-brand\" role=\"listitem\">\n<td class=\"a-span3\" role=\"presentation\"><span class=\"a-size-base a-text-bold\">Marke<\/span><\/td>\n<td class=\"a-span9\" role=\"presentation\"><span class=\"a-size-base po-break-word\">Carolina Herrera<\/span><\/td>\n<\/tr>\n<tr class=\"a-spacing-small po-item_form\" role=\"listitem\">\n<td class=\"a-span3\" role=\"presentation\"><span class=\"a-size-base a-text-bold\">Artikelformular<\/span><\/td>\n<td class=\"a-span9\" role=\"presentation\"><span class=\"a-size-base po-break-word\">Fl\u00fcssig<\/span><\/td>\n<\/tr>\n<tr class=\"a-spacing-small po-item_volume\" role=\"listitem\">\n<td class=\"a-span3\" role=\"presentation\"><span class=\"a-size-base a-text-bold\">Artikelvolumen<\/span><\/td>\n<td class=\"a-span9\" role=\"presentation\"><span class=\"a-size-base po-break-word\">2,7 Fl\u00fcssigunzen<\/span><\/td>\n<\/tr>\n<tr class=\"a-spacing-small po-scent\" role=\"listitem\">\n<td class=\"a-span3\" role=\"presentation\"><span class=\"a-size-base a-text-bold\">Duft<\/span><\/td>\n<td class=\"a-span9\" role=\"presentation\"><span class=\"a-size-base po-break-word\">orientalisch gebl\u00fcmt<\/span><\/td>\n<\/tr>\n<tr class=\"a-spacing-small po-special_feature\" role=\"listitem\">\n<td class=\"a-span3\" role=\"presentation\"><span class=\"a-size-base a-text-bold\">Besonderheit<\/span><\/td>\n<td class=\"a-span9\" role=\"presentation\"><span class=\"a-size-base po-break-word\">Duftend<\/span><\/td>\n<\/tr>\n<\/tbody>\n<\/table>\n<\/div>\n<\/div>\n<div id=\"featurebullets_feature_div\" class=\"celwidget\" data-feature-name=\"featurebullets\" data-csa-c-type=\"widget\" data-csa-c-content-id=\"featurebullets\" data-csa-c-slot-id=\"featurebullets_feature_div\" data-csa-c-asin=\"B07MFQQHQV\" data-csa-c-is-in-initial-active-row=\"false\" data-csa-c-id=\"yixuyx-dhbycj-rwggj4-bkwtfq\" data-cel-widget=\"featurebullets_feature_div\">\n<div id=\"feature-bullets\" class=\"a-section a-spacing-medium a-spacing-top-small\">\n<hr class=\"a-divider-normal\" aria-hidden=\"true\" \/>\n<h2 class=\"a-size-base-plus a-text-bold\">\u00dcber diesen Artikel<\/h2>\n<ul class=\"a-unordered-list a-vertical a-spacing-mini\">\n<li class=\"a-spacing-mini\"><span class=\"a-list-item\">Ein orientalischer Blumenduft f\u00fcr moderne Frauen<\/span><\/li>\n<li class=\"a-spacing-mini\"><span class=\"a-list-item\">Tief, s\u00fc\u00df, lecker, warm, pudrig und verf\u00fchrerisch<\/span><\/li>\n<li class=\"a-spacing-mini\"><span class=\"a-list-item\">Kopfnoten von Mandel und Kaffee<\/span><\/li>\n<li class=\"a-spacing-mini\"><span class=\"a-list-item\">Herznoten von Sambac-Jasmin, Tuberose und Iris<\/span><\/li>\n<li class=\"a-spacing-mini\"><span class=\"a-list-item\">Basisnoten aus Vanille, Sandelholz, Tonkabohne und Kakao<\/span><\/li>\n<li class=\"a-spacing-mini\"><span class=\"a-list-item\">Gestartet im Jahr 2016<\/span><\/li>\n<\/ul>\n<\/div>\n<\/div>","protected":false},"excerpt":{"rendered":"<p>Brand Carolina Herrera Item Form Liquid Item Volume 2.7 Fluid Ounces Scent oriental floral Special Feature Scented About this item An oriental floral fragrance for modern women Deep, sweet, tasty, warm, powdery &amp; alluring Top notes of almond &amp; coffee Heart notes of Sambac jasmine, tuberose &amp; orris Base notes of vanilla, sandalwood, tonka bean [&hellip;]<\/p>","protected":false},"featured_media":635,"template":"","meta":[],"product_brand":[61],"product_cat":[24],"product_tag":[],"class_list":{"0":"post-750","1":"product","2":"type-product","3":"status-publish","4":"has-post-thumbnail","6":"product_brand-carolina-herrera","7":"product_cat-carolina-herrera","9":"first","10":"instock","11":"sale","12":"taxable","13":"shipping-taxable","14":"purchasable","15":"product-type-simple"},"_links":{"self":[{"href":"https:\/\/scentget.com\/de\/wp-json\/wp\/v2\/product\/750","targetHints":{"allow":["GET"]}}],"collection":[{"href":"https:\/\/scentget.com\/de\/wp-json\/wp\/v2\/product"}],"about":[{"href":"https:\/\/scentget.com\/de\/wp-json\/wp\/v2\/types\/product"}],"wp:featuredmedia":[{"embeddable":true,"href":"https:\/\/scentget.com\/de\/wp-json\/wp\/v2\/media\/635"}],"wp:attachment":[{"href":"https:\/\/scentget.com\/de\/wp-json\/wp\/v2\/media?parent=750"}],"wp:term":[{"taxonomy":"product_brand","embeddable":true,"href":"https:\/\/scentget.com\/de\/wp-json\/wp\/v2\/product_brand?post=750"},{"taxonomy":"product_cat","embeddable":true,"href":"https:\/\/scentget.com\/de\/wp-json\/wp\/v2\/product_cat?post=750"},{"taxonomy":"product_tag","embeddable":true,"href":"https:\/\/scentget.com\/de\/wp-json\/wp\/v2\/product_tag?post=750"}],"curies":[{"name":"wp","href":"https:\/\/api.w.org\/{rel}","templated":true}]}}